{"id":1009,"date":"2023-09-11T17:08:40","date_gmt":"2023-09-11T20:08:40","guid":{"rendered":"https:\/\/copps.uea.edu.br\/?page_id=1009"},"modified":"2024-10-23T15:57:50","modified_gmt":"2024-10-23T18:57:50","slug":"curso-de-libras","status":"publish","type":"page","link":"https:\/\/copps.uea.edu.br\/?page_id=1009","title":{"rendered":"CURSO DE LIBRAS &#8211; MANAUS"},"content":{"rendered":"\t\t<div data-elementor-type=\"wp-page\" data-elementor-id=\"1009\" class=\"elementor elementor-1009\">\n\t\t\t\t\t\t<section class=\"elementor-section elementor-top-section elementor-element elementor-element-1087bd0 elementor-section-boxed elementor-section-height-default elementor-section-height-default\" data-id=\"1087bd0\" data-element_type=\"section\" data-e-type=\"section\">\n\t\t\t\t\t\t<div class=\"elementor-container elementor-column-gap-default\">\n\t\t\t\t\t<div class=\"elementor-column elementor-col-100 elementor-top-column elementor-element elementor-element-0593394\" data-id=\"0593394\" data-element_type=\"column\" data-e-type=\"column\">\n\t\t\t<div class=\"elementor-widget-wrap elementor-element-populated\">\n\t\t\t\t\t\t<div class=\"elementor-element elementor-element-78d5bc4 elementor-widget elementor-widget-image\" data-id=\"78d5bc4\" data-element_type=\"widget\" data-e-type=\"widget\" data-widget_type=\"image.default\">\n\t\t\t\t\t\t\t\t\t\t\t\t\t\t\t<img fetchpriority=\"high\" decoding=\"async\" width=\"292\" height=\"484\" src=\"https:\/\/copps.uea.edu.br\/wp-content\/uploads\/2023\/09\/Escola-de-Libras.jpg\" class=\"attachment-large size-large wp-image-989\" alt=\"\" srcset=\"https:\/\/copps.uea.edu.br\/wp-content\/uploads\/2023\/09\/Escola-de-Libras.jpg 292w, https:\/\/copps.uea.edu.br\/wp-content\/uploads\/2023\/09\/Escola-de-Libras-181x300.jpg 181w\" sizes=\"(max-width: 292px) 100vw, 292px\" \/>\t\t\t\t\t\t\t\t\t\t\t\t\t\t\t<\/div>\n\t\t\t\t\t<\/div>\n\t\t<\/div>\n\t\t\t\t\t<\/div>\n\t\t<\/section>\n\t\t\t\t<section class=\"elementor-section elementor-top-section elementor-element elementor-element-251f4dc elementor-section-boxed elementor-section-height-default elementor-section-height-default\" data-id=\"251f4dc\" data-element_type=\"section\" data-e-type=\"section\">\n\t\t\t\t\t\t<div class=\"elementor-container elementor-column-gap-default\">\n\t\t\t\t\t<div class=\"elementor-column elementor-col-100 elementor-top-column elementor-element elementor-element-373824d\" data-id=\"373824d\" data-element_type=\"column\" data-e-type=\"column\">\n\t\t\t<div class=\"elementor-widget-wrap elementor-element-populated\">\n\t\t\t\t\t\t<div class=\"elementor-element elementor-element-55947dc elementor-widget elementor-widget-text-editor\" data-id=\"55947dc\" data-element_type=\"widget\" data-e-type=\"widget\" data-widget_type=\"text-editor.default\">\n\t\t\t\t\t\t\t\t\t<p style=\"text-align: justify;\"><span style=\"color: #000000;\">O Projeto de Extens\u00e3o intitulado <strong>Escola de Libras da UEA<\/strong>, em parceria com a Pr\u00f3-Reitoria de Extens\u00e3o e Assuntos Comunit\u00e1rios (PROEX\/UEA) tem a imensa satisfa\u00e7\u00e3o de ofertar pela segunda vez o curso de capacita\u00e7\u00e3o em L\u00edngua Brasileira de Sinais, com o objetivo de promover acessibilidade lingu\u00edstica atrav\u00e9s dos cursos de Libras em n\u00edvel b\u00e1sico, intermedi\u00e1rio e avan\u00e7ado para a comunidade acad\u00eamica e externa \u00e0 UEA em Manaus.<\/span><\/p><p style=\"text-align: justify;\"><span style=\"color: #000000;\">O curso \u00e9 coordenado e ministrado pelos professores de Libras da Escola Normal Superior\/ENS:<\/span><\/p><ul style=\"text-align: justify;\"><li><span style=\"color: #000000;\">Prof\u00ba M.e Marcos Roberto dos Santos;<\/span><\/li><li><span style=\"color: #000000;\">Prof\u00ba M.e Sebasti\u00e3o Reis de Oliveira e;<\/span><\/li><li><span style=\"color: #000000;\">Prof\u00ba M.e Jackson da Silva Vale.<\/span><\/li><\/ul><p style=\"text-align: justify;\">\u00a0<\/p>\t\t\t\t\t\t\t\t<\/div>\n\t\t\t\t\t<\/div>\n\t\t<\/div>\n\t\t\t\t\t<\/div>\n\t\t<\/section>\n\t\t\t\t<section class=\"elementor-section elementor-top-section elementor-element elementor-element-7f010f4 elementor-section-boxed elementor-section-height-default elementor-section-height-default\" data-id=\"7f010f4\" data-element_type=\"section\" data-e-type=\"section\">\n\t\t\t\t\t\t<div class=\"elementor-container elementor-column-gap-default\">\n\t\t\t\t\t<div class=\"elementor-column elementor-col-100 elementor-top-column elementor-element elementor-element-0297296\" data-id=\"0297296\" data-element_type=\"column\" data-e-type=\"column\">\n\t\t\t<div class=\"elementor-widget-wrap elementor-element-populated\">\n\t\t\t\t\t\t<div class=\"elementor-element elementor-element-3170e7d elementor-align-center elementor-widget elementor-widget-button\" data-id=\"3170e7d\" data-element_type=\"widget\" data-e-type=\"widget\" data-widget_type=\"button.default\">\n\t\t\t\t\t\t\t\t\t\t<a class=\"elementor-button elementor-button-link elementor-size-sm\" href=\"https:\/\/copps.uea.edu.br\/?page_id=1053\">\n\t\t\t\t\t\t<span class=\"elementor-button-content-wrapper\">\n\t\t\t\t\t\t\t\t\t<span class=\"elementor-button-text\">Inscri\u00e7\u00f5es homologadas do p\u00fablico externo para o curso de Libras<\/span>\n\t\t\t\t\t<\/span>\n\t\t\t\t\t<\/a>\n\t\t\t\t\t\t\t\t<\/div>\n\t\t\t\t\t<\/div>\n\t\t<\/div>\n\t\t\t\t\t<\/div>\n\t\t<\/section>\n\t\t\t\t<section class=\"elementor-section elementor-top-section elementor-element elementor-element-08bc051 elementor-section-boxed elementor-section-height-default elementor-section-height-default\" data-id=\"08bc051\" data-element_type=\"section\" data-e-type=\"section\">\n\t\t\t\t\t\t<div class=\"elementor-container elementor-column-gap-default\">\n\t\t\t\t\t<div class=\"elementor-column elementor-col-100 elementor-top-column elementor-element elementor-element-1056edb\" data-id=\"1056edb\" data-element_type=\"column\" data-e-type=\"column\">\n\t\t\t<div class=\"elementor-widget-wrap elementor-element-populated\">\n\t\t\t\t\t\t<div class=\"elementor-element elementor-element-8dc74a0 elementor-align-center elementor-widget elementor-widget-button\" data-id=\"8dc74a0\" data-element_type=\"widget\" data-e-type=\"widget\" data-widget_type=\"button.default\">\n\t\t\t\t\t\t\t\t\t\t<a class=\"elementor-button elementor-button-link elementor-size-sm\" href=\"https:\/\/copps.uea.edu.br\/?page_id=1067\">\n\t\t\t\t\t\t<span class=\"elementor-button-content-wrapper\">\n\t\t\t\t\t\t\t\t\t<span class=\"elementor-button-text\">Inscri\u00e7\u00f5es homologadas dos servidores da UEA para o curso de Libras<\/span>\n\t\t\t\t\t<\/span>\n\t\t\t\t\t<\/a>\n\t\t\t\t\t\t\t\t<\/div>\n\t\t\t\t<div class=\"elementor-element elementor-element-c86e27a elementor-widget elementor-widget-text-editor\" data-id=\"c86e27a\" data-element_type=\"widget\" data-e-type=\"widget\" data-widget_type=\"text-editor.default\">\n\t\t\t\t\t\t\t\t\t<p style=\"text-align: left;\"><span style=\"color: #000000; font-size: 13.68px; font-style: inherit; font-weight: inherit; font-family: var( --e-global-typography-text-font-family ), Sans-serif; background-color: var(--ast-global-color-5);\">Abaixo segue algumas d\u00favidas e esclarecimentos sobre o curso:<\/span><\/p><p style=\"text-align: justify;\"><span style=\"color: #000000;\"><strong>1) Quem pode participar do curso?<\/strong><\/span><\/p><p style=\"text-align: justify;\"><span style=\"color: #000000;\">O curso \u00e9 destinado para todas as pessoas interessadas em aprender Libras. Ser\u00e3o disponibilizadas 150 vagas para o p\u00fablico em geral e 50 vagas para servidores da Universidade do Estado do Amazonas (docentes, t\u00e9cnicos e terceirizados).<\/span><\/p><p style=\"text-align: justify;\"><span style=\"color: #000000;\"><strong>2) Qual \u00e9 a dura\u00e7\u00e3o do curso?<\/strong><\/span><\/p><p style=\"text-align: justify;\"><span style=\"color: #000000;\">A Escola de Libras da UEA oferece um curso totalmente presencial, com a dura\u00e7\u00e3o de 1 ano e 6 meses. Dessa forma, os alunos inscritos e matriculados far\u00e3o os m\u00f3dulos b\u00e1sico, intermedi\u00e1rio e avan\u00e7ado de forma subsequente.<\/span><\/p><p style=\"text-align: justify;\"><span style=\"color: #000000;\"><strong>3) Qual \u00e9 a carga hor\u00e1ria?<\/strong><\/span><\/p><p style=\"text-align: justify;\"><span style=\"color: #000000;\">Cada m\u00f3dulo possui carga hor\u00e1ria de 50h, o curso completo totaliza 150h.<\/span><\/p><p style=\"text-align: justify;\"><span style=\"color: #000000;\"><strong>4) Quais os dias e hor\u00e1rios das aulas?<\/strong><\/span><\/p><p style=\"text-align: justify;\"><span style=\"color: #000000;\">As aulas ser\u00e3o um dia na semana e haver\u00e1 turma \u00e0s segundas-feiras, quartas-feiras e quintas-feiras, das 19h \u00e0s 21h. A distribui\u00e7\u00e3o das turmas ser\u00e1 realizada ap\u00f3s o per\u00edodo de inscri\u00e7\u00e3o pelos coordenadores do curso, assim os inscritos receber\u00e3o, posteriormente, o dia exato de sua aula.<\/span><\/p><p style=\"text-align: justify;\"><span style=\"color: #000000;\"><strong>5) Onde ocorrer\u00e3o as aulas?<\/strong><\/span><\/p><p style=\"text-align: justify;\"><span style=\"color: #000000;\">As aulas acontecer\u00e3o nas depend\u00eancias da Escola Normal Superior (ENS\/UEA), localizada na Av. Djalma Batista, 2470, bairro Chapada. Essa unidade fica ao lado do Amazonas Shopping.<\/span><\/p><p style=\"text-align: justify;\"><span style=\"color: #000000;\"><strong>5) Quando iniciam as aulas?<\/strong><\/span><\/p><p style=\"text-align: justify;\"><span style=\"color: #000000;\">O curso seguir\u00e1 o calend\u00e1rio letivo da Universidade do Estado do Amazonas. Logo, as aulas do m\u00f3dulo b\u00e1sico ter\u00e3o in\u00edcio no dia 09\/10\/2023 e encerrar\u00e3o no dia 05\/02\/2024.<\/span><\/p><p style=\"text-align: justify;\"><span style=\"color: #000000;\"><strong>6) Como posso me inscrever?<\/strong><\/span><\/p><p style=\"text-align: justify;\"><span style=\"color: #000000;\">As inscri\u00e7\u00f5es ser\u00e3o feitas EXCLUSIVAMENTE por meio de preenchimento de formul\u00e1rio eletr\u00f4nico, disponibilizado abaixo.<\/span><\/p><p style=\"text-align: justify;\"><span style=\"color: #000000;\"><strong>7) Qual \u00e9 o per\u00edodo de inscri\u00e7\u00e3o?<\/strong><\/span><\/p><p style=\"text-align: justify;\"><span style=\"color: #000000;\">A inscri\u00e7\u00e3o ser\u00e1 realizada no dia 25 de setembro de 2023, segunda-feira, entre 08h e 18h. Vale lembrar que as inscri\u00e7\u00f5es ser\u00e3o suspensas assim que preencher a quantidade de vaga disponibilizada.<\/span><\/p><p style=\"text-align: justify;\"><span style=\"color: #000000;\"><strong>\u00a0<\/strong><\/span><\/p><p><span style=\"color: #000000;\"><strong>Outras d\u00favidas: <\/strong><\/span><a href=\"mailto:escoladelibrasuea@gmail.com\">escoladelibrasuea@gmail.com<\/a><\/p><p style=\"text-align: center;\"><span style=\"color: #ff0000;\"><strong>FA\u00c7A SUA INSCRI\u00c7\u00c3O AQUI:<\/strong><\/span><\/p><p style=\"text-align: center;\"><span style=\"color: #000000;\"><strong>Inscri\u00e7\u00e3o para o p\u00fablico em geral (150 vagas)<\/strong><\/span><\/p><p style=\"text-align: center;\"><span style=\"color: #000000;\"><a style=\"color: #000000;\" href=\"https:\/\/forms.gle\/UReZGj6tztbdV3YX9\">https:\/\/forms.gle\/UReZGj6tztbdV3YX9<\/a><\/span><\/p><p style=\"text-align: center;\"><span style=\"color: #000000;\"><strong>Inscri\u00e7\u00e3o para servidores da UEA (50 vagas)<\/strong><\/span><\/p><p style=\"text-align: center;\"><span style=\"color: #000000;\"><a style=\"color: #000000;\" href=\"https:\/\/forms.gle\/zZ9wfMnKmqBqsVJR7\">https:\/\/forms.gle\/zZ9wfMnKmqBqsVJR7<\/a><\/span><\/p><p><span style=\"color: #000000;\"><strong>Localiza\u00e7\u00e3o da Escola Normal Superior (ENS\/UEA)<\/strong><\/span><\/p><p><a href=\"https:\/\/goo.gl\/maps\/Z3SBRUF8r1QihW3RA\" rel=\"noopener\">Av. Djalma Batista, 2470 \u2013 Chapada, Manaus \u2013 AM, 69050-010<\/a><\/p>\t\t\t\t\t\t\t\t<\/div>\n\t\t\t\t\t<\/div>\n\t\t<\/div>\n\t\t\t\t\t<\/div>\n\t\t<\/section>\n\t\t\t\t<section class=\"elementor-section elementor-top-section elementor-element elementor-element-ae1d686 elementor-section-boxed elementor-section-height-default elementor-section-height-default\" data-id=\"ae1d686\" data-element_type=\"section\" data-e-type=\"section\">\n\t\t\t\t\t\t<div class=\"elementor-container elementor-column-gap-default\">\n\t\t\t\t\t<div class=\"elementor-column elementor-col-100 elementor-top-column elementor-element elementor-element-f64b9de\" data-id=\"f64b9de\" data-element_type=\"column\" data-e-type=\"column\">\n\t\t\t<div class=\"elementor-widget-wrap elementor-element-populated\">\n\t\t\t\t\t\t<div class=\"elementor-element elementor-element-35bbff0 elementor-widget elementor-widget-video\" data-id=\"35bbff0\" data-element_type=\"widget\" data-e-type=\"widget\" data-settings=\"{&quot;youtube_url&quot;:&quot;https:\\\/\\\/youtube.com\\\/watch?v=7vFSoGhyFTs&amp;feature=shared&quot;,&quot;video_type&quot;:&quot;youtube&quot;,&quot;controls&quot;:&quot;yes&quot;}\" data-widget_type=\"video.default\">\n\t\t\t\t\t\t\t<div class=\"elementor-wrapper elementor-open-inline\">\n\t\t\t<div class=\"elementor-video\"><\/div>\t\t<\/div>\n\t\t\t\t\t\t<\/div>\n\t\t\t\t\t<\/div>\n\t\t<\/div>\n\t\t\t\t\t<\/div>\n\t\t<\/section>\n\t\t\t\t<\/div>\n\t\t","protected":false},"excerpt":{"rendered":"<p>O Projeto de Extens\u00e3o intitulado Escola de Libras da UEA, em parceria com a Pr\u00f3-Reitoria de Extens\u00e3o e Assuntos Comunit\u00e1rios (PROEX\/UEA) tem a imensa satisfa\u00e7\u00e3o de ofertar pela segunda vez o curso de capacita\u00e7\u00e3o em L\u00edngua Brasileira de Sinais, com o objetivo de promover acessibilidade lingu\u00edstica atrav\u00e9s dos cursos de Libras em n\u00edvel b\u00e1sico, intermedi\u00e1rio [&hellip;]<\/p>\n","protected":false},"author":1,"featured_media":0,"parent":0,"menu_order":0,"comment_status":"closed","ping_status":"closed","template":"","meta":{"site-sidebar-layout":"no-sidebar","site-content-layout":"page-builder","ast-site-content-layout":"full-width-container","site-content-style":"default","site-sidebar-style":"default","ast-global-header-display":"","ast-banner-title-visibility":"","ast-main-header-display":"","ast-hfb-above-header-display":"","ast-hfb-below-header-display":"","ast-hfb-mobile-header-display":"","site-post-title":"disabled","ast-breadcrumbs-content":"","ast-featured-img":"disabled","footer-sml-layout":"","theme-transparent-header-meta":"","adv-header-id-meta":"","stick-header-meta":"","header-above-stick-meta":"","header-main-stick-meta":"","header-below-stick-meta":"","astra-migrate-meta-layouts":"set","ast-page-background-enabled":"default","ast-page-background-meta":{"desktop":{"background-color":"var(--ast-global-color-4)","background-image":"","background-repeat":"repeat","background-position":"center center","background-size":"auto","background-attachment":"scroll","background-type":"","background-media":"","overlay-type":"","overlay-color":"","overlay-opacity":"","overlay-gradient":""},"tablet":{"background-color":"","background-image":"","background-repeat":"repeat","background-position":"center center","background-size":"auto","background-attachment":"scroll","background-type":"","background-media":"","overlay-type":"","overlay-color":"","overlay-opacity":"","overlay-gradient":""},"mobile":{"background-color":"","background-image":"","background-repeat":"repeat","background-position":"center center","background-size":"auto","background-attachment":"scroll","background-type":"","background-media":"","overlay-type":"","overlay-color":"","overlay-opacity":"","overlay-gradient":""}},"ast-content-background-meta":{"desktop":{"background-color":"var(--ast-global-color-5)","background-image":"","background-repeat":"repeat","background-position":"center center","background-size":"auto","background-attachment":"scroll","background-type":"","background-media":"","overlay-type":"","overlay-color":"","overlay-opacity":"","overlay-gradient":""},"tablet":{"background-color":"var(--ast-global-color-5)","background-image":"","background-repeat":"repeat","background-position":"center center","background-size":"auto","background-attachment":"scroll","background-type":"","background-media":"","overlay-type":"","overlay-color":"","overlay-opacity":"","overlay-gradient":""},"mobile":{"background-color":"var(--ast-global-color-5)","background-image":"","background-repeat":"repeat","background-position":"center center","background-size":"auto","background-attachment":"scroll","background-type":"","background-media":"","overlay-type":"","overlay-color":"","overlay-opacity":"","overlay-gradient":""}},"footnotes":""},"class_list":["post-1009","page","type-page","status-publish","hentry"],"_links":{"self":[{"href":"https:\/\/copps.uea.edu.br\/index.php?rest_route=\/wp\/v2\/pages\/1009","targetHints":{"allow":["GET"]}}],"collection":[{"href":"https:\/\/copps.uea.edu.br\/index.php?rest_route=\/wp\/v2\/pages"}],"about":[{"href":"https:\/\/copps.uea.edu.br\/index.php?rest_route=\/wp\/v2\/types\/page"}],"author":[{"embeddable":true,"href":"https:\/\/copps.uea.edu.br\/index.php?rest_route=\/wp\/v2\/users\/1"}],"replies":[{"embeddable":true,"href":"https:\/\/copps.uea.edu.br\/index.php?rest_route=%2Fwp%2Fv2%2Fcomments&post=1009"}],"version-history":[{"count":0,"href":"https:\/\/copps.uea.edu.br\/index.php?rest_route=\/wp\/v2\/pages\/1009\/revisions"}],"wp:attachment":[{"href":"https:\/\/copps.uea.edu.br\/index.php?rest_route=%2Fwp%2Fv2%2Fmedia&parent=1009"}],"curies":[{"name":"wp","href":"https:\/\/api.w.org\/{rel}","templated":true}]}}