{"id":1053,"date":"2023-10-04T00:46:36","date_gmt":"2023-10-04T03:46:36","guid":{"rendered":"https:\/\/copps.uea.edu.br\/?page_id=1053"},"modified":"2023-10-04T00:46:52","modified_gmt":"2023-10-04T03:46:52","slug":"inscricoes-homologadas-do-publico-externo-para-o-curso-de-libras","status":"publish","type":"page","link":"https:\/\/copps.uea.edu.br\/?page_id=1053","title":{"rendered":"Inscri\u00e7\u00f5es homologadas do p\u00fablico externo para o curso de Libras"},"content":{"rendered":"\t\t<div data-elementor-type=\"wp-page\" data-elementor-id=\"1053\" class=\"elementor elementor-1053\">\n\t\t\t\t\t\t<section class=\"elementor-section elementor-top-section elementor-element elementor-element-35774e8 elementor-section-boxed elementor-section-height-default elementor-section-height-default\" data-id=\"35774e8\" data-element_type=\"section\" data-e-type=\"section\">\n\t\t\t\t\t\t<div class=\"elementor-container elementor-column-gap-default\">\n\t\t\t\t\t<div class=\"elementor-column elementor-col-100 elementor-top-column elementor-element elementor-element-96f1b87\" data-id=\"96f1b87\" data-element_type=\"column\" data-e-type=\"column\">\n\t\t\t<div class=\"elementor-widget-wrap elementor-element-populated\">\n\t\t\t\t\t\t<div class=\"elementor-element elementor-element-932ce6b elementor-widget elementor-widget-heading\" data-id=\"932ce6b\" data-element_type=\"widget\" data-e-type=\"widget\" data-widget_type=\"heading.default\">\n\t\t\t\t\t<h2 class=\"elementor-heading-title elementor-size-default\">Inscri\u00e7\u00f5es homologadas do p\u00fablico externo para o curso de Libras<\/h2>\t\t\t\t<\/div>\n\t\t\t\t\t<\/div>\n\t\t<\/div>\n\t\t\t\t\t<\/div>\n\t\t<\/section>\n\t\t\t\t<section class=\"elementor-section elementor-top-section elementor-element elementor-element-86f8058 elementor-section-boxed elementor-section-height-default elementor-section-height-default\" data-id=\"86f8058\" data-element_type=\"section\" data-e-type=\"section\">\n\t\t\t\t\t\t<div class=\"elementor-container elementor-column-gap-default\">\n\t\t\t\t\t<div class=\"elementor-column elementor-col-100 elementor-top-column elementor-element elementor-element-68219a5\" data-id=\"68219a5\" data-element_type=\"column\" data-e-type=\"column\">\n\t\t\t<div class=\"elementor-widget-wrap elementor-element-populated\">\n\t\t\t\t\t\t<div class=\"elementor-element elementor-element-18cee1a elementor-widget elementor-widget-text-editor\" data-id=\"18cee1a\" data-element_type=\"widget\" data-e-type=\"widget\" data-widget_type=\"text-editor.default\">\n\t\t\t\t\t\t\t\t\t<p><span style=\"color: #000000;\">Segue abaixo a rela\u00e7\u00e3o dos inscritos para o curso de Libras e suas respectivas turmas. A distribui\u00e7\u00e3o dos alunos nos dias das aulas foi realizada conforme a ordem de inscri\u00e7\u00e3o.<\/span><br \/><span style=\"color: #000000;\">Informamos que n\u00e3o ser\u00e1 poss\u00edvel fazer a mudan\u00e7a de turma.<\/span><\/p>\t\t\t\t\t\t\t\t<\/div>\n\t\t\t\t\t<\/div>\n\t\t<\/div>\n\t\t\t\t\t<\/div>\n\t\t<\/section>\n\t\t\t\t<section class=\"elementor-section elementor-top-section elementor-element elementor-element-56e3540 elementor-section-boxed elementor-section-height-default elementor-section-height-default\" data-id=\"56e3540\" data-element_type=\"section\" data-e-type=\"section\">\n\t\t\t\t\t\t<div class=\"elementor-container elementor-column-gap-default\">\n\t\t\t\t\t<div class=\"elementor-column elementor-col-100 elementor-top-column elementor-element elementor-element-f3f439e\" data-id=\"f3f439e\" data-element_type=\"column\" data-e-type=\"column\">\n\t\t\t<div class=\"elementor-widget-wrap elementor-element-populated\">\n\t\t\t\t\t\t<div class=\"elementor-element elementor-element-3ddc902 elementor-widget elementor-widget-heading\" data-id=\"3ddc902\" data-element_type=\"widget\" data-e-type=\"widget\" data-widget_type=\"heading.default\">\n\t\t\t\t\t<h2 class=\"elementor-heading-title elementor-size-small\">Turma Segunda-Feira:<\/h2>\t\t\t\t<\/div>\n\t\t\t\t\t<\/div>\n\t\t<\/div>\n\t\t\t\t\t<\/div>\n\t\t<\/section>\n\t\t\t\t<section class=\"elementor-section elementor-top-section elementor-element elementor-element-0efd8b6 elementor-section-boxed elementor-section-height-default elementor-section-height-default\" data-id=\"0efd8b6\" data-element_type=\"section\" data-e-type=\"section\">\n\t\t\t\t\t\t<div class=\"elementor-container elementor-column-gap-default\">\n\t\t\t\t\t<div class=\"elementor-column elementor-col-50 elementor-top-column elementor-element elementor-element-7947ee4\" data-id=\"7947ee4\" data-element_type=\"column\" data-e-type=\"column\">\n\t\t\t<div class=\"elementor-widget-wrap elementor-element-populated\">\n\t\t\t\t\t\t<div class=\"elementor-element elementor-element-11ca458 elementor-widget elementor-widget-image\" data-id=\"11ca458\" data-element_type=\"widget\" data-e-type=\"widget\" data-widget_type=\"image.default\">\n\t\t\t\t\t\t\t\t\t\t\t\t\t\t\t<img fetchpriority=\"high\" decoding=\"async\" width=\"724\" height=\"1024\" src=\"https:\/\/copps.uea.edu.br\/wp-content\/uploads\/2023\/10\/SEGUNDA-1-724x1024.png\" class=\"attachment-large size-large wp-image-1059\" alt=\"\" srcset=\"https:\/\/copps.uea.edu.br\/wp-content\/uploads\/2023\/10\/SEGUNDA-1-724x1024.png 724w, https:\/\/copps.uea.edu.br\/wp-content\/uploads\/2023\/10\/SEGUNDA-1-212x300.png 212w, https:\/\/copps.uea.edu.br\/wp-content\/uploads\/2023\/10\/SEGUNDA-1-768x1086.png 768w, https:\/\/copps.uea.edu.br\/wp-content\/uploads\/2023\/10\/SEGUNDA-1-1086x1536.png 1086w, https:\/\/copps.uea.edu.br\/wp-content\/uploads\/2023\/10\/SEGUNDA-1-1320x1867.png 1320w, https:\/\/copps.uea.edu.br\/wp-content\/uploads\/2023\/10\/SEGUNDA-1.png 1414w\" sizes=\"(max-width: 724px) 100vw, 724px\" \/>\t\t\t\t\t\t\t\t\t\t\t\t\t\t\t<\/div>\n\t\t\t\t\t<\/div>\n\t\t<\/div>\n\t\t\t\t<div class=\"elementor-column elementor-col-50 elementor-top-column elementor-element elementor-element-e60442a\" data-id=\"e60442a\" data-element_type=\"column\" data-e-type=\"column\">\n\t\t\t<div class=\"elementor-widget-wrap elementor-element-populated\">\n\t\t\t\t\t\t<div class=\"elementor-element elementor-element-6b60bdf elementor-widget elementor-widget-image\" data-id=\"6b60bdf\" data-element_type=\"widget\" data-e-type=\"widget\" data-widget_type=\"image.default\">\n\t\t\t\t\t\t\t\t\t\t\t\t\t\t\t<img decoding=\"async\" width=\"724\" height=\"1024\" src=\"https:\/\/copps.uea.edu.br\/wp-content\/uploads\/2023\/10\/SEGUNDA-2-724x1024.png\" class=\"attachment-large size-large wp-image-1060\" alt=\"\" srcset=\"https:\/\/copps.uea.edu.br\/wp-content\/uploads\/2023\/10\/SEGUNDA-2-724x1024.png 724w, https:\/\/copps.uea.edu.br\/wp-content\/uploads\/2023\/10\/SEGUNDA-2-212x300.png 212w, https:\/\/copps.uea.edu.br\/wp-content\/uploads\/2023\/10\/SEGUNDA-2-768x1086.png 768w, https:\/\/copps.uea.edu.br\/wp-content\/uploads\/2023\/10\/SEGUNDA-2-1086x1536.png 1086w, https:\/\/copps.uea.edu.br\/wp-content\/uploads\/2023\/10\/SEGUNDA-2-1320x1867.png 1320w, https:\/\/copps.uea.edu.br\/wp-content\/uploads\/2023\/10\/SEGUNDA-2.png 1414w\" sizes=\"(max-width: 724px) 100vw, 724px\" \/>\t\t\t\t\t\t\t\t\t\t\t\t\t\t\t<\/div>\n\t\t\t\t\t<\/div>\n\t\t<\/div>\n\t\t\t\t\t<\/div>\n\t\t<\/section>\n\t\t\t\t<section class=\"elementor-section elementor-top-section elementor-element elementor-element-f61a740 elementor-section-boxed elementor-section-height-default elementor-section-height-default\" data-id=\"f61a740\" data-element_type=\"section\" data-e-type=\"section\">\n\t\t\t\t\t\t<div class=\"elementor-container elementor-column-gap-default\">\n\t\t\t\t\t<div class=\"elementor-column elementor-col-100 elementor-top-column elementor-element elementor-element-c007101\" data-id=\"c007101\" data-element_type=\"column\" data-e-type=\"column\">\n\t\t\t<div class=\"elementor-widget-wrap elementor-element-populated\">\n\t\t\t\t\t\t<div class=\"elementor-element elementor-element-3c38921 elementor-widget elementor-widget-heading\" data-id=\"3c38921\" data-element_type=\"widget\" data-e-type=\"widget\" data-widget_type=\"heading.default\">\n\t\t\t\t\t<h2 class=\"elementor-heading-title elementor-size-small\">Turma Quarta-Feira:<\/h2>\t\t\t\t<\/div>\n\t\t\t\t\t<\/div>\n\t\t<\/div>\n\t\t\t\t\t<\/div>\n\t\t<\/section>\n\t\t\t\t<section class=\"elementor-section elementor-top-section elementor-element elementor-element-531211b elementor-section-boxed elementor-section-height-default elementor-section-height-default\" data-id=\"531211b\" data-element_type=\"section\" data-e-type=\"section\">\n\t\t\t\t\t\t<div class=\"elementor-container elementor-column-gap-default\">\n\t\t\t\t\t<div class=\"elementor-column elementor-col-50 elementor-top-column elementor-element elementor-element-c6cea44\" data-id=\"c6cea44\" data-element_type=\"column\" data-e-type=\"column\">\n\t\t\t<div class=\"elementor-widget-wrap elementor-element-populated\">\n\t\t\t\t\t\t<div class=\"elementor-element elementor-element-3bdbf7c elementor-widget elementor-widget-image\" data-id=\"3bdbf7c\" data-element_type=\"widget\" data-e-type=\"widget\" data-widget_type=\"image.default\">\n\t\t\t\t\t\t\t\t\t\t\t\t\t\t\t<img decoding=\"async\" width=\"724\" height=\"1024\" src=\"https:\/\/copps.uea.edu.br\/wp-content\/uploads\/2023\/10\/QUARTA-1-724x1024.png\" class=\"attachment-large size-large wp-image-1055\" alt=\"\" srcset=\"https:\/\/copps.uea.edu.br\/wp-content\/uploads\/2023\/10\/QUARTA-1-724x1024.png 724w, https:\/\/copps.uea.edu.br\/wp-content\/uploads\/2023\/10\/QUARTA-1-212x300.png 212w, https:\/\/copps.uea.edu.br\/wp-content\/uploads\/2023\/10\/QUARTA-1-768x1086.png 768w, https:\/\/copps.uea.edu.br\/wp-content\/uploads\/2023\/10\/QUARTA-1-1086x1536.png 1086w, https:\/\/copps.uea.edu.br\/wp-content\/uploads\/2023\/10\/QUARTA-1-1320x1867.png 1320w, https:\/\/copps.uea.edu.br\/wp-content\/uploads\/2023\/10\/QUARTA-1.png 1414w\" sizes=\"(max-width: 724px) 100vw, 724px\" \/>\t\t\t\t\t\t\t\t\t\t\t\t\t\t\t<\/div>\n\t\t\t\t\t<\/div>\n\t\t<\/div>\n\t\t\t\t<div class=\"elementor-column elementor-col-50 elementor-top-column elementor-element elementor-element-c58eaff\" data-id=\"c58eaff\" data-element_type=\"column\" data-e-type=\"column\">\n\t\t\t<div class=\"elementor-widget-wrap elementor-element-populated\">\n\t\t\t\t\t\t<div class=\"elementor-element elementor-element-498e630 elementor-widget elementor-widget-image\" data-id=\"498e630\" data-element_type=\"widget\" data-e-type=\"widget\" data-widget_type=\"image.default\">\n\t\t\t\t\t\t\t\t\t\t\t\t\t\t\t<img loading=\"lazy\" decoding=\"async\" width=\"724\" height=\"1024\" src=\"https:\/\/copps.uea.edu.br\/wp-content\/uploads\/2023\/10\/QUARTA-2-724x1024.png\" class=\"attachment-large size-large wp-image-1056\" alt=\"\" srcset=\"https:\/\/copps.uea.edu.br\/wp-content\/uploads\/2023\/10\/QUARTA-2-724x1024.png 724w, https:\/\/copps.uea.edu.br\/wp-content\/uploads\/2023\/10\/QUARTA-2-212x300.png 212w, https:\/\/copps.uea.edu.br\/wp-content\/uploads\/2023\/10\/QUARTA-2-768x1086.png 768w, https:\/\/copps.uea.edu.br\/wp-content\/uploads\/2023\/10\/QUARTA-2-1086x1536.png 1086w, https:\/\/copps.uea.edu.br\/wp-content\/uploads\/2023\/10\/QUARTA-2-1320x1867.png 1320w, https:\/\/copps.uea.edu.br\/wp-content\/uploads\/2023\/10\/QUARTA-2.png 1414w\" sizes=\"(max-width: 724px) 100vw, 724px\" \/>\t\t\t\t\t\t\t\t\t\t\t\t\t\t\t<\/div>\n\t\t\t\t\t<\/div>\n\t\t<\/div>\n\t\t\t\t\t<\/div>\n\t\t<\/section>\n\t\t\t\t<section class=\"elementor-section elementor-top-section elementor-element elementor-element-3ac18a3 elementor-section-boxed elementor-section-height-default elementor-section-height-default\" data-id=\"3ac18a3\" data-element_type=\"section\" data-e-type=\"section\">\n\t\t\t\t\t\t<div class=\"elementor-container elementor-column-gap-default\">\n\t\t\t\t\t<div class=\"elementor-column elementor-col-100 elementor-top-column elementor-element elementor-element-1fb486c\" data-id=\"1fb486c\" data-element_type=\"column\" data-e-type=\"column\">\n\t\t\t<div class=\"elementor-widget-wrap elementor-element-populated\">\n\t\t\t\t\t\t<div class=\"elementor-element elementor-element-3e3eec3 elementor-widget elementor-widget-heading\" data-id=\"3e3eec3\" data-element_type=\"widget\" data-e-type=\"widget\" data-widget_type=\"heading.default\">\n\t\t\t\t\t<h2 class=\"elementor-heading-title elementor-size-small\">Turma Quinta-Feira:<\/h2>\t\t\t\t<\/div>\n\t\t\t\t\t<\/div>\n\t\t<\/div>\n\t\t\t\t\t<\/div>\n\t\t<\/section>\n\t\t\t\t<section class=\"elementor-section elementor-top-section elementor-element elementor-element-6875981 elementor-section-boxed elementor-section-height-default elementor-section-height-default\" data-id=\"6875981\" data-element_type=\"section\" data-e-type=\"section\">\n\t\t\t\t\t\t<div class=\"elementor-container elementor-column-gap-default\">\n\t\t\t\t\t<div class=\"elementor-column elementor-col-50 elementor-top-column elementor-element elementor-element-5d7dc6d\" data-id=\"5d7dc6d\" data-element_type=\"column\" data-e-type=\"column\">\n\t\t\t<div class=\"elementor-widget-wrap elementor-element-populated\">\n\t\t\t\t\t\t<div class=\"elementor-element elementor-element-937b88c elementor-widget elementor-widget-image\" data-id=\"937b88c\" data-element_type=\"widget\" data-e-type=\"widget\" data-widget_type=\"image.default\">\n\t\t\t\t\t\t\t\t\t\t\t\t\t\t\t<img loading=\"lazy\" decoding=\"async\" width=\"724\" height=\"1024\" src=\"https:\/\/copps.uea.edu.br\/wp-content\/uploads\/2023\/10\/QUINTA-1-724x1024.png\" class=\"attachment-large size-large wp-image-1057\" alt=\"\" srcset=\"https:\/\/copps.uea.edu.br\/wp-content\/uploads\/2023\/10\/QUINTA-1-724x1024.png 724w, https:\/\/copps.uea.edu.br\/wp-content\/uploads\/2023\/10\/QUINTA-1-212x300.png 212w, https:\/\/copps.uea.edu.br\/wp-content\/uploads\/2023\/10\/QUINTA-1-768x1086.png 768w, https:\/\/copps.uea.edu.br\/wp-content\/uploads\/2023\/10\/QUINTA-1-1086x1536.png 1086w, https:\/\/copps.uea.edu.br\/wp-content\/uploads\/2023\/10\/QUINTA-1-1320x1867.png 1320w, https:\/\/copps.uea.edu.br\/wp-content\/uploads\/2023\/10\/QUINTA-1.png 1414w\" sizes=\"(max-width: 724px) 100vw, 724px\" \/>\t\t\t\t\t\t\t\t\t\t\t\t\t\t\t<\/div>\n\t\t\t\t\t<\/div>\n\t\t<\/div>\n\t\t\t\t<div class=\"elementor-column elementor-col-50 elementor-top-column elementor-element elementor-element-f2c4590\" data-id=\"f2c4590\" data-element_type=\"column\" data-e-type=\"column\">\n\t\t\t<div class=\"elementor-widget-wrap elementor-element-populated\">\n\t\t\t\t\t\t<div class=\"elementor-element elementor-element-dc06969 elementor-widget elementor-widget-image\" data-id=\"dc06969\" data-element_type=\"widget\" data-e-type=\"widget\" data-widget_type=\"image.default\">\n\t\t\t\t\t\t\t\t\t\t\t\t\t\t\t<img loading=\"lazy\" decoding=\"async\" width=\"724\" height=\"1024\" src=\"https:\/\/copps.uea.edu.br\/wp-content\/uploads\/2023\/10\/QUINTA-2-724x1024.png\" class=\"attachment-large size-large wp-image-1058\" alt=\"\" srcset=\"https:\/\/copps.uea.edu.br\/wp-content\/uploads\/2023\/10\/QUINTA-2-724x1024.png 724w, https:\/\/copps.uea.edu.br\/wp-content\/uploads\/2023\/10\/QUINTA-2-212x300.png 212w, https:\/\/copps.uea.edu.br\/wp-content\/uploads\/2023\/10\/QUINTA-2-768x1086.png 768w, https:\/\/copps.uea.edu.br\/wp-content\/uploads\/2023\/10\/QUINTA-2-1086x1536.png 1086w, https:\/\/copps.uea.edu.br\/wp-content\/uploads\/2023\/10\/QUINTA-2-1320x1867.png 1320w, https:\/\/copps.uea.edu.br\/wp-content\/uploads\/2023\/10\/QUINTA-2.png 1414w\" sizes=\"(max-width: 724px) 100vw, 724px\" \/>\t\t\t\t\t\t\t\t\t\t\t\t\t\t\t<\/div>\n\t\t\t\t\t<\/div>\n\t\t<\/div>\n\t\t\t\t\t<\/div>\n\t\t<\/section>\n\t\t\t\t<\/div>\n\t\t","protected":false},"excerpt":{"rendered":"<p>Inscri\u00e7\u00f5es homologadas do p\u00fablico externo para o curso de Libras Segue abaixo a rela\u00e7\u00e3o dos inscritos para o curso de Libras e suas respectivas turmas. A distribui\u00e7\u00e3o dos alunos nos dias das aulas foi realizada conforme a ordem de inscri\u00e7\u00e3o.Informamos que n\u00e3o ser\u00e1 poss\u00edvel fazer a mudan\u00e7a de turma. Turma Segunda-Feira: Turma Quarta-Feira: Turma Quinta-Feira:<\/p>\n","protected":false},"author":1,"featured_media":0,"parent":0,"menu_order":0,"comment_status":"closed","ping_status":"closed","template":"","meta":{"site-sidebar-layout":"no-sidebar","site-content-layout":"page-builder","ast-site-content-layout":"full-width-container","site-content-style":"default","site-sidebar-style":"default","ast-global-header-display":"","ast-banner-title-visibility":"","ast-main-header-display":"","ast-hfb-above-header-display":"","ast-hfb-below-header-display":"","ast-hfb-mobile-header-display":"","site-post-title":"disabled","ast-breadcrumbs-content":"","ast-featured-img":"disabled","footer-sml-layout":"","theme-transparent-header-meta":"","adv-header-id-meta":"","stick-header-meta":"","header-above-stick-meta":"","header-main-stick-meta":"","header-below-stick-meta":"","astra-migrate-meta-layouts":"set","ast-page-background-enabled":"default","ast-page-background-meta":{"desktop":{"background-color":"var(--ast-global-color-4)","background-image":"","background-repeat":"repeat","background-position":"center center","background-size":"auto","background-attachment":"scroll","background-type":"","background-media":"","overlay-type":"","overlay-color":"","overlay-opacity":"","overlay-gradient":""},"tablet":{"background-color":"","background-image":"","background-repeat":"repeat","background-position":"center center","background-size":"auto","background-attachment":"scroll","background-type":"","background-media":"","overlay-type":"","overlay-color":"","overlay-opacity":"","overlay-gradient":""},"mobile":{"background-color":"","background-image":"","background-repeat":"repeat","background-position":"center center","background-size":"auto","background-attachment":"scroll","background-type":"","background-media":"","overlay-type":"","overlay-color":"","overlay-opacity":"","overlay-gradient":""}},"ast-content-background-meta":{"desktop":{"background-color":"var(--ast-global-color-5)","background-image":"","background-repeat":"repeat","background-position":"center center","background-size":"auto","background-attachment":"scroll","background-type":"","background-media":"","overlay-type":"","overlay-color":"","overlay-opacity":"","overlay-gradient":""},"tablet":{"background-color":"var(--ast-global-color-5)","background-image":"","background-repeat":"repeat","background-position":"center center","background-size":"auto","background-attachment":"scroll","background-type":"","background-media":"","overlay-type":"","overlay-color":"","overlay-opacity":"","overlay-gradient":""},"mobile":{"background-color":"var(--ast-global-color-5)","background-image":"","background-repeat":"repeat","background-position":"center center","background-size":"auto","background-attachment":"scroll","background-type":"","background-media":"","overlay-type":"","overlay-color":"","overlay-opacity":"","overlay-gradient":""}},"footnotes":""},"class_list":["post-1053","page","type-page","status-publish","hentry"],"_links":{"self":[{"href":"https:\/\/copps.uea.edu.br\/index.php?rest_route=\/wp\/v2\/pages\/1053","targetHints":{"allow":["GET"]}}],"collection":[{"href":"https:\/\/copps.uea.edu.br\/index.php?rest_route=\/wp\/v2\/pages"}],"about":[{"href":"https:\/\/copps.uea.edu.br\/index.php?rest_route=\/wp\/v2\/types\/page"}],"author":[{"embeddable":true,"href":"https:\/\/copps.uea.edu.br\/index.php?rest_route=\/wp\/v2\/users\/1"}],"replies":[{"embeddable":true,"href":"https:\/\/copps.uea.edu.br\/index.php?rest_route=%2Fwp%2Fv2%2Fcomments&post=1053"}],"version-history":[{"count":0,"href":"https:\/\/copps.uea.edu.br\/index.php?rest_route=\/wp\/v2\/pages\/1053\/revisions"}],"wp:attachment":[{"href":"https:\/\/copps.uea.edu.br\/index.php?rest_route=%2Fwp%2Fv2%2Fmedia&parent=1053"}],"curies":[{"name":"wp","href":"https:\/\/api.w.org\/{rel}","templated":true}]}}