{"id":1091,"date":"2023-11-07T10:55:41","date_gmt":"2023-11-07T13:55:41","guid":{"rendered":"https:\/\/copps.uea.edu.br\/?page_id=1091"},"modified":"2023-11-07T14:51:46","modified_gmt":"2023-11-07T17:51:46","slug":"seminario","status":"publish","type":"page","link":"https:\/\/copps.uea.edu.br\/?page_id=1091","title":{"rendered":"Semin\u00e1rio"},"content":{"rendered":"\t\t<div data-elementor-type=\"wp-page\" data-elementor-id=\"1091\" class=\"elementor elementor-1091\">\n\t\t\t\t\t\t<section class=\"elementor-section elementor-top-section elementor-element elementor-element-19df986 elementor-section-boxed elementor-section-height-default elementor-section-height-default\" data-id=\"19df986\" data-element_type=\"section\" data-e-type=\"section\">\n\t\t\t\t\t\t<div class=\"elementor-container elementor-column-gap-default\">\n\t\t\t\t\t<div class=\"elementor-column elementor-col-100 elementor-top-column elementor-element elementor-element-fd586c6\" data-id=\"fd586c6\" data-element_type=\"column\" data-e-type=\"column\">\n\t\t\t<div class=\"elementor-widget-wrap elementor-element-populated\">\n\t\t\t\t\t\t<div class=\"elementor-element elementor-element-343b06f elementor-widget elementor-widget-spacer\" data-id=\"343b06f\" data-element_type=\"widget\" data-e-type=\"widget\" data-widget_type=\"spacer.default\">\n\t\t\t\t\t\t\t<div class=\"elementor-spacer\">\n\t\t\t<div class=\"elementor-spacer-inner\"><\/div>\n\t\t<\/div>\n\t\t\t\t\t\t<\/div>\n\t\t\t\t\t<\/div>\n\t\t<\/div>\n\t\t\t\t\t<\/div>\n\t\t<\/section>\n\t\t\t\t<section class=\"elementor-section elementor-top-section elementor-element elementor-element-555c7fb elementor-section-boxed elementor-section-height-default elementor-section-height-default\" data-id=\"555c7fb\" data-element_type=\"section\" data-e-type=\"section\">\n\t\t\t\t\t\t<div class=\"elementor-container elementor-column-gap-default\">\n\t\t\t\t\t<div class=\"elementor-column elementor-col-100 elementor-top-column elementor-element elementor-element-75cbcdf\" data-id=\"75cbcdf\" data-element_type=\"column\" data-e-type=\"column\">\n\t\t\t<div class=\"elementor-widget-wrap elementor-element-populated\">\n\t\t\t\t\t\t<div class=\"elementor-element elementor-element-735a205 elementor-widget elementor-widget-heading\" data-id=\"735a205\" data-element_type=\"widget\" data-e-type=\"widget\" data-widget_type=\"heading.default\">\n\t\t\t\t\t<h2 class=\"elementor-heading-title elementor-size-xl\">I Semin\u00e1rio de Pesquisas em Lingu\u00edstica de L\u00ednguas de Sinais no Amazonas<\/h2>\t\t\t\t<\/div>\n\t\t\t\t\t<\/div>\n\t\t<\/div>\n\t\t\t\t\t<\/div>\n\t\t<\/section>\n\t\t\t\t<section class=\"elementor-section elementor-top-section elementor-element elementor-element-b06d92a elementor-section-boxed elementor-section-height-default elementor-section-height-default\" data-id=\"b06d92a\" data-element_type=\"section\" data-e-type=\"section\">\n\t\t\t\t\t\t<div class=\"elementor-container elementor-column-gap-default\">\n\t\t\t\t\t<div class=\"elementor-column elementor-col-100 elementor-top-column elementor-element elementor-element-3c8966a\" data-id=\"3c8966a\" data-element_type=\"column\" data-e-type=\"column\">\n\t\t\t<div class=\"elementor-widget-wrap elementor-element-populated\">\n\t\t\t\t\t\t<div class=\"elementor-element elementor-element-d691c0d elementor-widget elementor-widget-spacer\" data-id=\"d691c0d\" data-element_type=\"widget\" data-e-type=\"widget\" data-widget_type=\"spacer.default\">\n\t\t\t\t\t\t\t<div class=\"elementor-spacer\">\n\t\t\t<div class=\"elementor-spacer-inner\"><\/div>\n\t\t<\/div>\n\t\t\t\t\t\t<\/div>\n\t\t\t\t\t<\/div>\n\t\t<\/div>\n\t\t\t\t\t<\/div>\n\t\t<\/section>\n\t\t\t\t<section class=\"elementor-section elementor-top-section elementor-element elementor-element-b064dbe elementor-section-boxed elementor-section-height-default elementor-section-height-default\" data-id=\"b064dbe\" data-element_type=\"section\" data-e-type=\"section\">\n\t\t\t\t\t\t<div class=\"elementor-container elementor-column-gap-default\">\n\t\t\t\t\t<div class=\"elementor-column elementor-col-100 elementor-top-column elementor-element elementor-element-5f12a12\" data-id=\"5f12a12\" data-element_type=\"column\" data-e-type=\"column\">\n\t\t\t<div class=\"elementor-widget-wrap elementor-element-populated\">\n\t\t\t\t\t\t<div class=\"elementor-element elementor-element-2b3a3a7 elementor-widget elementor-widget-text-editor\" data-id=\"2b3a3a7\" data-element_type=\"widget\" data-e-type=\"widget\" data-widget_type=\"text-editor.default\">\n\t\t\t\t\t\t\t\t\t<p><span style=\"color: #000000;\">O Semin\u00e1rio tem como finalidade socializar as pesquisas em Lingu\u00edstica de L\u00ednguas de Sinais, desenvolvidas no Amazonas, no \u00e2mbito da gradua\u00e7\u00e3o e da p\u00f3s-gradua\u00e7\u00e3o. A utiliza\u00e7\u00e3o do termo \u201cL\u00ednguas de Sinais\u201d no plural tem o prop\u00f3sito de promover visibilidade, valoriza\u00e7\u00e3o e respeito \u00e0 diversidade lingu\u00edstica dos surdos no Estado.<\/span><\/p><p><span style=\"color: #000000;\">Al\u00e9m disso, o evento contribui para a demarca\u00e7\u00e3o e difus\u00e3o de um campo epistemol\u00f3gico das l\u00ednguas de sinais na perspectiva da linguagem. Assim, o evento ocorrer\u00e1 no dia 27\/11\/2023, das 18h \u00e0s 22h, no audit\u00f3rio da Escola Normal Superior (ENS\/UEA), situado na Avenida Djalma Batista, 2470, bairro Chapada, ao lado do Amazonas Shopping.<\/span><\/p><p><span style=\"color: #000000;\">As inscri\u00e7\u00f5es ser\u00e3o realizadas por meio do preenchimento do formul\u00e1rio eletr\u00f4nico disponibilizado. \u00c9 importante que todos os dados sejam preenchidos corretamente para a emiss\u00e3o do certificado. Abaixo segue o link do formul\u00e1rio:<\/span><\/p><div>\u00a0<\/div>\t\t\t\t\t\t\t\t<\/div>\n\t\t\t\t\t<\/div>\n\t\t<\/div>\n\t\t\t\t\t<\/div>\n\t\t<\/section>\n\t\t\t\t<section class=\"elementor-section elementor-top-section elementor-element elementor-element-71ae802 elementor-section-boxed elementor-section-height-default elementor-section-height-default\" data-id=\"71ae802\" data-element_type=\"section\" data-e-type=\"section\">\n\t\t\t\t\t\t<div class=\"elementor-container elementor-column-gap-default\">\n\t\t\t\t\t<div class=\"elementor-column elementor-col-100 elementor-top-column elementor-element elementor-element-32825ed\" data-id=\"32825ed\" data-element_type=\"column\" data-e-type=\"column\">\n\t\t\t<div class=\"elementor-widget-wrap elementor-element-populated\">\n\t\t\t\t\t\t<div class=\"elementor-element elementor-element-d25d767 elementor-align-center elementor-widget elementor-widget-button\" data-id=\"d25d767\" data-element_type=\"widget\" data-e-type=\"widget\" data-widget_type=\"button.default\">\n\t\t\t\t\t\t\t\t\t\t<a class=\"elementor-button elementor-button-link elementor-size-sm\" href=\"https:\/\/docs.google.com\/forms\/d\/e\/1FAIpQLSeeYtORQtVY2UkWqF3coSy12FXFPtNgVpvAqEziG1YVGPyFCA\/viewform?usp=sf_link\">\n\t\t\t\t\t\t<span class=\"elementor-button-content-wrapper\">\n\t\t\t\t\t\t\t\t\t<span class=\"elementor-button-text\">INSCRI\u00c7\u00d5ES<\/span>\n\t\t\t\t\t<\/span>\n\t\t\t\t\t<\/a>\n\t\t\t\t\t\t\t\t<\/div>\n\t\t\t\t\t<\/div>\n\t\t<\/div>\n\t\t\t\t\t<\/div>\n\t\t<\/section>\n\t\t\t\t<section class=\"elementor-section elementor-top-section elementor-element elementor-element-2bdc51b elementor-section-boxed elementor-section-height-default elementor-section-height-default\" data-id=\"2bdc51b\" data-element_type=\"section\" data-e-type=\"section\">\n\t\t\t\t\t\t<div class=\"elementor-container elementor-column-gap-default\">\n\t\t\t\t\t<div class=\"elementor-column elementor-col-100 elementor-top-column elementor-element elementor-element-3306821\" data-id=\"3306821\" data-element_type=\"column\" data-e-type=\"column\">\n\t\t\t<div class=\"elementor-widget-wrap elementor-element-populated\">\n\t\t\t\t\t\t<div class=\"elementor-element elementor-element-7a4ebac elementor-widget elementor-widget-spacer\" data-id=\"7a4ebac\" data-element_type=\"widget\" data-e-type=\"widget\" data-widget_type=\"spacer.default\">\n\t\t\t\t\t\t\t<div class=\"elementor-spacer\">\n\t\t\t<div class=\"elementor-spacer-inner\"><\/div>\n\t\t<\/div>\n\t\t\t\t\t\t<\/div>\n\t\t\t\t\t<\/div>\n\t\t<\/div>\n\t\t\t\t\t<\/div>\n\t\t<\/section>\n\t\t\t\t<section class=\"elementor-section elementor-top-section elementor-element elementor-element-f2f2610 elementor-section-boxed elementor-section-height-default elementor-section-height-default\" data-id=\"f2f2610\" data-element_type=\"section\" data-e-type=\"section\">\n\t\t\t\t\t\t<div class=\"elementor-container elementor-column-gap-default\">\n\t\t\t\t\t<div class=\"elementor-column elementor-col-100 elementor-top-column elementor-element elementor-element-70199ea\" data-id=\"70199ea\" data-element_type=\"column\" data-e-type=\"column\">\n\t\t\t<div class=\"elementor-widget-wrap elementor-element-populated\">\n\t\t\t\t\t\t<div class=\"elementor-element elementor-element-d907971 elementor-widget elementor-widget-text-editor\" data-id=\"d907971\" data-element_type=\"widget\" data-e-type=\"widget\" data-widget_type=\"text-editor.default\">\n\t\t\t\t\t\t\t\t\t<p><span style=\"color: #000000;\">O evento tamb\u00e9m ser\u00e1 transmitido no Canal da UEAmazonas no Youtube para os participantes do interior, de outros Estados e de quem n\u00e3o puder comparecer presencialmente. Segue o link da transmiss\u00e3o:<\/span><\/p>\t\t\t\t\t\t\t\t<\/div>\n\t\t\t\t\t<\/div>\n\t\t<\/div>\n\t\t\t\t\t<\/div>\n\t\t<\/section>\n\t\t\t\t<section class=\"elementor-section elementor-top-section elementor-element elementor-element-f474d86 elementor-section-boxed elementor-section-height-default elementor-section-height-default\" data-id=\"f474d86\" data-element_type=\"section\" data-e-type=\"section\">\n\t\t\t\t\t\t<div class=\"elementor-container elementor-column-gap-default\">\n\t\t\t\t\t<div class=\"elementor-column elementor-col-100 elementor-top-column elementor-element elementor-element-20c5162\" data-id=\"20c5162\" data-element_type=\"column\" data-e-type=\"column\">\n\t\t\t<div class=\"elementor-widget-wrap elementor-element-populated\">\n\t\t\t\t\t\t<div class=\"elementor-element elementor-element-366fa9c elementor-align-center elementor-widget elementor-widget-button\" data-id=\"366fa9c\" data-element_type=\"widget\" data-e-type=\"widget\" data-widget_type=\"button.default\">\n\t\t\t\t\t\t\t\t\t\t<a class=\"elementor-button elementor-button-link elementor-size-sm\" href=\"https:\/\/youtube.com\/live\/jGXu8ZwEYKw?feature=share\">\n\t\t\t\t\t\t<span class=\"elementor-button-content-wrapper\">\n\t\t\t\t\t\t\t\t\t<span class=\"elementor-button-text\">TRANSMISS\u00c3O<\/span>\n\t\t\t\t\t<\/span>\n\t\t\t\t\t<\/a>\n\t\t\t\t\t\t\t\t<\/div>\n\t\t\t\t\t<\/div>\n\t\t<\/div>\n\t\t\t\t\t<\/div>\n\t\t<\/section>\n\t\t\t\t<section class=\"elementor-section elementor-top-section elementor-element elementor-element-add406d elementor-section-boxed elementor-section-height-default elementor-section-height-default\" data-id=\"add406d\" data-element_type=\"section\" data-e-type=\"section\">\n\t\t\t\t\t\t<div class=\"elementor-container elementor-column-gap-default\">\n\t\t\t\t\t<div class=\"elementor-column elementor-col-100 elementor-top-column elementor-element elementor-element-2f015ae\" data-id=\"2f015ae\" data-element_type=\"column\" data-e-type=\"column\">\n\t\t\t<div class=\"elementor-widget-wrap elementor-element-populated\">\n\t\t\t\t\t\t<div class=\"elementor-element elementor-element-e130635 elementor-widget elementor-widget-spacer\" data-id=\"e130635\" data-element_type=\"widget\" data-e-type=\"widget\" data-widget_type=\"spacer.default\">\n\t\t\t\t\t\t\t<div class=\"elementor-spacer\">\n\t\t\t<div class=\"elementor-spacer-inner\"><\/div>\n\t\t<\/div>\n\t\t\t\t\t\t<\/div>\n\t\t\t\t\t<\/div>\n\t\t<\/div>\n\t\t\t\t\t<\/div>\n\t\t<\/section>\n\t\t\t\t<section class=\"elementor-section elementor-top-section elementor-element elementor-element-9227406 elementor-section-boxed elementor-section-height-default elementor-section-height-default\" data-id=\"9227406\" data-element_type=\"section\" data-e-type=\"section\">\n\t\t\t\t\t\t<div class=\"elementor-container elementor-column-gap-default\">\n\t\t\t\t\t<div class=\"elementor-column elementor-col-100 elementor-top-column elementor-element elementor-element-9ed178a\" data-id=\"9ed178a\" data-element_type=\"column\" data-e-type=\"column\">\n\t\t\t<div class=\"elementor-widget-wrap elementor-element-populated\">\n\t\t\t\t\t\t<div class=\"elementor-element elementor-element-aa3736a elementor-widget elementor-widget-heading\" data-id=\"aa3736a\" data-element_type=\"widget\" data-e-type=\"widget\" data-widget_type=\"heading.default\">\n\t\t\t\t\t<h2 class=\"elementor-heading-title elementor-size-default\">PALESTRANTES<\/h2>\t\t\t\t<\/div>\n\t\t\t\t\t<\/div>\n\t\t<\/div>\n\t\t\t\t\t<\/div>\n\t\t<\/section>\n\t\t\t\t<section class=\"elementor-section elementor-top-section elementor-element elementor-element-5d03acc elementor-section-boxed elementor-section-height-default elementor-section-height-default\" data-id=\"5d03acc\" data-element_type=\"section\" data-e-type=\"section\">\n\t\t\t\t\t\t<div class=\"elementor-container elementor-column-gap-default\">\n\t\t\t\t\t<div class=\"elementor-column elementor-col-100 elementor-top-column elementor-element elementor-element-0c29d93\" data-id=\"0c29d93\" data-element_type=\"column\" data-e-type=\"column\">\n\t\t\t<div class=\"elementor-widget-wrap elementor-element-populated\">\n\t\t\t\t\t\t<div class=\"elementor-element elementor-element-846b646 elementor-widget elementor-widget-image-gallery\" data-id=\"846b646\" data-element_type=\"widget\" data-e-type=\"widget\" data-widget_type=\"image-gallery.default\">\n\t\t\t\t\t\t\t<div class=\"elementor-image-gallery\">\n\t\t\t<div id='gallery-1' class='gallery galleryid-1091 gallery-columns-4 gallery-size-thumbnail'><figure class='gallery-item'>\n\t\t\t<div class='gallery-icon landscape'>\n\t\t\t\t<a data-elementor-open-lightbox=\"yes\" data-elementor-lightbox-slideshow=\"846b646\" data-elementor-lightbox-title=\"PALESTRANTE\" data-e-action-hash=\"#elementor-action%3Aaction%3Dlightbox%26settings%3DeyJpZCI6MTA5NiwidXJsIjoiaHR0cHM6XC9cL2NvcHBzLnVlYS5lZHUuYnJcL3dwLWNvbnRlbnRcL3VwbG9hZHNcLzIwMjNcLzExXC9XaGF0c0FwcC1JbWFnZS0yMDIzLTExLTA2LWF0LTE1LjE1LjM4LmpwZWciLCJzbGlkZXNob3ciOiI4NDZiNjQ2In0%3D\" href='https:\/\/copps.uea.edu.br\/wp-content\/uploads\/2023\/11\/WhatsApp-Image-2023-11-06-at-15.15.38.jpeg'><img decoding=\"async\" width=\"150\" height=\"150\" src=\"https:\/\/copps.uea.edu.br\/wp-content\/uploads\/2023\/11\/WhatsApp-Image-2023-11-06-at-15.15.38-150x150.jpeg\" class=\"attachment-thumbnail size-thumbnail\" alt=\"\" srcset=\"https:\/\/copps.uea.edu.br\/wp-content\/uploads\/2023\/11\/WhatsApp-Image-2023-11-06-at-15.15.38-150x150.jpeg 150w, https:\/\/copps.uea.edu.br\/wp-content\/uploads\/2023\/11\/WhatsApp-Image-2023-11-06-at-15.15.38-300x300.jpeg 300w, https:\/\/copps.uea.edu.br\/wp-content\/uploads\/2023\/11\/WhatsApp-Image-2023-11-06-at-15.15.38-1024x1024.jpeg 1024w, https:\/\/copps.uea.edu.br\/wp-content\/uploads\/2023\/11\/WhatsApp-Image-2023-11-06-at-15.15.38-768x768.jpeg 768w, https:\/\/copps.uea.edu.br\/wp-content\/uploads\/2023\/11\/WhatsApp-Image-2023-11-06-at-15.15.38-1536x1536.jpeg 1536w, https:\/\/copps.uea.edu.br\/wp-content\/uploads\/2023\/11\/WhatsApp-Image-2023-11-06-at-15.15.38-1320x1320.jpeg 1320w, https:\/\/copps.uea.edu.br\/wp-content\/uploads\/2023\/11\/WhatsApp-Image-2023-11-06-at-15.15.38.jpeg 1600w\" sizes=\"(max-width: 150px) 100vw, 150px\" \/><\/a>\n\t\t\t<\/div><\/figure><figure class='gallery-item'>\n\t\t\t<div class='gallery-icon landscape'>\n\t\t\t\t<a data-elementor-open-lightbox=\"yes\" data-elementor-lightbox-slideshow=\"846b646\" data-elementor-lightbox-title=\"PALESTRANTE\" data-e-action-hash=\"#elementor-action%3Aaction%3Dlightbox%26settings%3DeyJpZCI6MTA5NSwidXJsIjoiaHR0cHM6XC9cL2NvcHBzLnVlYS5lZHUuYnJcL3dwLWNvbnRlbnRcL3VwbG9hZHNcLzIwMjNcLzExXC9XaGF0c0FwcC1JbWFnZS0yMDIzLTExLTA2LWF0LTE1LjE1LjQyLmpwZWciLCJzbGlkZXNob3ciOiI4NDZiNjQ2In0%3D\" href='https:\/\/copps.uea.edu.br\/wp-content\/uploads\/2023\/11\/WhatsApp-Image-2023-11-06-at-15.15.42.jpeg'><img decoding=\"async\" width=\"150\" height=\"150\" src=\"https:\/\/copps.uea.edu.br\/wp-content\/uploads\/2023\/11\/WhatsApp-Image-2023-11-06-at-15.15.42-150x150.jpeg\" class=\"attachment-thumbnail size-thumbnail\" alt=\"\" srcset=\"https:\/\/copps.uea.edu.br\/wp-content\/uploads\/2023\/11\/WhatsApp-Image-2023-11-06-at-15.15.42-150x150.jpeg 150w, https:\/\/copps.uea.edu.br\/wp-content\/uploads\/2023\/11\/WhatsApp-Image-2023-11-06-at-15.15.42-300x300.jpeg 300w, https:\/\/copps.uea.edu.br\/wp-content\/uploads\/2023\/11\/WhatsApp-Image-2023-11-06-at-15.15.42-1024x1024.jpeg 1024w, https:\/\/copps.uea.edu.br\/wp-content\/uploads\/2023\/11\/WhatsApp-Image-2023-11-06-at-15.15.42-768x768.jpeg 768w, https:\/\/copps.uea.edu.br\/wp-content\/uploads\/2023\/11\/WhatsApp-Image-2023-11-06-at-15.15.42-1536x1536.jpeg 1536w, https:\/\/copps.uea.edu.br\/wp-content\/uploads\/2023\/11\/WhatsApp-Image-2023-11-06-at-15.15.42-1320x1320.jpeg 1320w, https:\/\/copps.uea.edu.br\/wp-content\/uploads\/2023\/11\/WhatsApp-Image-2023-11-06-at-15.15.42.jpeg 1600w\" sizes=\"(max-width: 150px) 100vw, 150px\" \/><\/a>\n\t\t\t<\/div><\/figure><figure class='gallery-item'>\n\t\t\t<div class='gallery-icon landscape'>\n\t\t\t\t<a data-elementor-open-lightbox=\"yes\" data-elementor-lightbox-slideshow=\"846b646\" data-elementor-lightbox-title=\"PALESTRANTE\" data-e-action-hash=\"#elementor-action%3Aaction%3Dlightbox%26settings%3DeyJpZCI6MTA5NCwidXJsIjoiaHR0cHM6XC9cL2NvcHBzLnVlYS5lZHUuYnJcL3dwLWNvbnRlbnRcL3VwbG9hZHNcLzIwMjNcLzExXC9XaGF0c0FwcC1JbWFnZS0yMDIzLTExLTA2LWF0LTE1LjE1LjQyLTEuanBlZyIsInNsaWRlc2hvdyI6Ijg0NmI2NDYifQ%3D%3D\" href='https:\/\/copps.uea.edu.br\/wp-content\/uploads\/2023\/11\/WhatsApp-Image-2023-11-06-at-15.15.42-1.jpeg'><img decoding=\"async\" width=\"150\" height=\"150\" src=\"https:\/\/copps.uea.edu.br\/wp-content\/uploads\/2023\/11\/WhatsApp-Image-2023-11-06-at-15.15.42-1-150x150.jpeg\" class=\"attachment-thumbnail size-thumbnail\" alt=\"\" srcset=\"https:\/\/copps.uea.edu.br\/wp-content\/uploads\/2023\/11\/WhatsApp-Image-2023-11-06-at-15.15.42-1-150x150.jpeg 150w, https:\/\/copps.uea.edu.br\/wp-content\/uploads\/2023\/11\/WhatsApp-Image-2023-11-06-at-15.15.42-1-300x300.jpeg 300w, https:\/\/copps.uea.edu.br\/wp-content\/uploads\/2023\/11\/WhatsApp-Image-2023-11-06-at-15.15.42-1-1024x1024.jpeg 1024w, https:\/\/copps.uea.edu.br\/wp-content\/uploads\/2023\/11\/WhatsApp-Image-2023-11-06-at-15.15.42-1-768x768.jpeg 768w, https:\/\/copps.uea.edu.br\/wp-content\/uploads\/2023\/11\/WhatsApp-Image-2023-11-06-at-15.15.42-1-1536x1536.jpeg 1536w, https:\/\/copps.uea.edu.br\/wp-content\/uploads\/2023\/11\/WhatsApp-Image-2023-11-06-at-15.15.42-1-1320x1320.jpeg 1320w, https:\/\/copps.uea.edu.br\/wp-content\/uploads\/2023\/11\/WhatsApp-Image-2023-11-06-at-15.15.42-1.jpeg 1600w\" sizes=\"(max-width: 150px) 100vw, 150px\" \/><\/a>\n\t\t\t<\/div><\/figure><figure class='gallery-item'>\n\t\t\t<div class='gallery-icon landscape'>\n\t\t\t\t<a data-elementor-open-lightbox=\"yes\" data-elementor-lightbox-slideshow=\"846b646\" data-elementor-lightbox-title=\"PALESTRANTE\" data-e-action-hash=\"#elementor-action%3Aaction%3Dlightbox%26settings%3DeyJpZCI6MTA5MywidXJsIjoiaHR0cHM6XC9cL2NvcHBzLnVlYS5lZHUuYnJcL3dwLWNvbnRlbnRcL3VwbG9hZHNcLzIwMjNcLzExXC9XaGF0c0FwcC1JbWFnZS0yMDIzLTExLTA2LWF0LTE1LjE1LjQ0LmpwZWciLCJzbGlkZXNob3ciOiI4NDZiNjQ2In0%3D\" href='https:\/\/copps.uea.edu.br\/wp-content\/uploads\/2023\/11\/WhatsApp-Image-2023-11-06-at-15.15.44.jpeg'><img loading=\"lazy\" decoding=\"async\" width=\"150\" height=\"150\" src=\"https:\/\/copps.uea.edu.br\/wp-content\/uploads\/2023\/11\/WhatsApp-Image-2023-11-06-at-15.15.44-150x150.jpeg\" class=\"attachment-thumbnail size-thumbnail\" alt=\"\" srcset=\"https:\/\/copps.uea.edu.br\/wp-content\/uploads\/2023\/11\/WhatsApp-Image-2023-11-06-at-15.15.44-150x150.jpeg 150w, https:\/\/copps.uea.edu.br\/wp-content\/uploads\/2023\/11\/WhatsApp-Image-2023-11-06-at-15.15.44-300x300.jpeg 300w, https:\/\/copps.uea.edu.br\/wp-content\/uploads\/2023\/11\/WhatsApp-Image-2023-11-06-at-15.15.44-1024x1024.jpeg 1024w, https:\/\/copps.uea.edu.br\/wp-content\/uploads\/2023\/11\/WhatsApp-Image-2023-11-06-at-15.15.44-768x768.jpeg 768w, https:\/\/copps.uea.edu.br\/wp-content\/uploads\/2023\/11\/WhatsApp-Image-2023-11-06-at-15.15.44-1536x1536.jpeg 1536w, https:\/\/copps.uea.edu.br\/wp-content\/uploads\/2023\/11\/WhatsApp-Image-2023-11-06-at-15.15.44-1320x1320.jpeg 1320w, https:\/\/copps.uea.edu.br\/wp-content\/uploads\/2023\/11\/WhatsApp-Image-2023-11-06-at-15.15.44.jpeg 1600w\" sizes=\"(max-width: 150px) 100vw, 150px\" \/><\/a>\n\t\t\t<\/div><\/figure>\n\t\t<\/div>\n\t\t<\/div>\n\t\t\t\t\t\t<\/div>\n\t\t\t\t\t<\/div>\n\t\t<\/div>\n\t\t\t\t\t<\/div>\n\t\t<\/section>\n\t\t\t\t<section class=\"elementor-section elementor-top-section elementor-element elementor-element-fe39412 elementor-section-boxed elementor-section-height-default elementor-section-height-default\" data-id=\"fe39412\" data-element_type=\"section\" data-e-type=\"section\">\n\t\t\t\t\t\t<div class=\"elementor-container elementor-column-gap-default\">\n\t\t\t\t\t<div class=\"elementor-column elementor-col-100 elementor-top-column elementor-element elementor-element-cbf8e3b\" data-id=\"cbf8e3b\" data-element_type=\"column\" data-e-type=\"column\">\n\t\t\t<div class=\"elementor-widget-wrap elementor-element-populated\">\n\t\t\t\t\t\t<div class=\"elementor-element elementor-element-5ab3e2a elementor-widget elementor-widget-spacer\" data-id=\"5ab3e2a\" data-element_type=\"widget\" data-e-type=\"widget\" data-widget_type=\"spacer.default\">\n\t\t\t\t\t\t\t<div class=\"elementor-spacer\">\n\t\t\t<div class=\"elementor-spacer-inner\"><\/div>\n\t\t<\/div>\n\t\t\t\t\t\t<\/div>\n\t\t\t\t\t<\/div>\n\t\t<\/div>\n\t\t\t\t\t<\/div>\n\t\t<\/section>\n\t\t\t\t<\/div>\n\t\t","protected":false},"excerpt":{"rendered":"<p>I Semin\u00e1rio de Pesquisas em Lingu\u00edstica de L\u00ednguas de Sinais no Amazonas O Semin\u00e1rio tem como finalidade socializar as pesquisas em Lingu\u00edstica de L\u00ednguas de Sinais, desenvolvidas no Amazonas, no \u00e2mbito da gradua\u00e7\u00e3o e da p\u00f3s-gradua\u00e7\u00e3o. A utiliza\u00e7\u00e3o do termo \u201cL\u00ednguas de Sinais\u201d no plural tem o prop\u00f3sito de promover visibilidade, valoriza\u00e7\u00e3o e respeito \u00e0 [&hellip;]<\/p>\n","protected":false},"author":1,"featured_media":0,"parent":0,"menu_order":0,"comment_status":"closed","ping_status":"closed","template":"","meta":{"site-sidebar-layout":"no-sidebar","site-content-layout":"page-builder","ast-site-content-layout":"full-width-container","site-content-style":"default","site-sidebar-style":"default","ast-global-header-display":"","ast-banner-title-visibility":"","ast-main-header-display":"","ast-hfb-above-header-display":"","ast-hfb-below-header-display":"","ast-hfb-mobile-header-display":"","site-post-title":"disabled","ast-breadcrumbs-content":"","ast-featured-img":"disabled","footer-sml-layout":"","theme-transparent-header-meta":"","adv-header-id-meta":"","stick-header-meta":"","header-above-stick-meta":"","header-main-stick-meta":"","header-below-stick-meta":"","astra-migrate-meta-layouts":"set","ast-page-background-enabled":"default","ast-page-background-meta":{"desktop":{"background-color":"var(--ast-global-color-4)","background-image":"","background-repeat":"repeat","background-position":"center center","background-size":"auto","background-attachment":"scroll","background-type":"","background-media":"","overlay-type":"","overlay-color":"","overlay-opacity":"","overlay-gradient":""},"tablet":{"background-color":"","background-image":"","background-repeat":"repeat","background-position":"center center","background-size":"auto","background-attachment":"scroll","background-type":"","background-media":"","overlay-type":"","overlay-color":"","overlay-opacity":"","overlay-gradient":""},"mobile":{"background-color":"","background-image":"","background-repeat":"repeat","background-position":"center center","background-size":"auto","background-attachment":"scroll","background-type":"","background-media":"","overlay-type":"","overlay-color":"","overlay-opacity":"","overlay-gradient":""}},"ast-content-background-meta":{"desktop":{"background-color":"var(--ast-global-color-5)","background-image":"","background-repeat":"repeat","background-position":"center center","background-size":"auto","background-attachment":"scroll","background-type":"","background-media":"","overlay-type":"","overlay-color":"","overlay-opacity":"","overlay-gradient":""},"tablet":{"background-color":"var(--ast-global-color-5)","background-image":"","background-repeat":"repeat","background-position":"center center","background-size":"auto","background-attachment":"scroll","background-type":"","background-media":"","overlay-type":"","overlay-color":"","overlay-opacity":"","overlay-gradient":""},"mobile":{"background-color":"var(--ast-global-color-5)","background-image":"","background-repeat":"repeat","background-position":"center center","background-size":"auto","background-attachment":"scroll","background-type":"","background-media":"","overlay-type":"","overlay-color":"","overlay-opacity":"","overlay-gradient":""}},"footnotes":""},"class_list":["post-1091","page","type-page","status-publish","hentry"],"_links":{"self":[{"href":"https:\/\/copps.uea.edu.br\/index.php?rest_route=\/wp\/v2\/pages\/1091","targetHints":{"allow":["GET"]}}],"collection":[{"href":"https:\/\/copps.uea.edu.br\/index.php?rest_route=\/wp\/v2\/pages"}],"about":[{"href":"https:\/\/copps.uea.edu.br\/index.php?rest_route=\/wp\/v2\/types\/page"}],"author":[{"embeddable":true,"href":"https:\/\/copps.uea.edu.br\/index.php?rest_route=\/wp\/v2\/users\/1"}],"replies":[{"embeddable":true,"href":"https:\/\/copps.uea.edu.br\/index.php?rest_route=%2Fwp%2Fv2%2Fcomments&post=1091"}],"version-history":[{"count":0,"href":"https:\/\/copps.uea.edu.br\/index.php?rest_route=\/wp\/v2\/pages\/1091\/revisions"}],"wp:attachment":[{"href":"https:\/\/copps.uea.edu.br\/index.php?rest_route=%2Fwp%2Fv2%2Fmedia&parent=1091"}],"curies":[{"name":"wp","href":"https:\/\/api.w.org\/{rel}","templated":true}]}}