{"id":1368,"date":"2024-10-23T14:39:47","date_gmt":"2024-10-23T17:39:47","guid":{"rendered":"https:\/\/copps.uea.edu.br\/?page_id=1368"},"modified":"2024-12-02T19:57:40","modified_gmt":"2024-12-02T22:57:40","slug":"elementor-1368","status":"publish","type":"page","link":"https:\/\/copps.uea.edu.br\/?page_id=1368","title":{"rendered":"CURSO DE LIBRAS &#8211; PARINTINS"},"content":{"rendered":"\t\t<div data-elementor-type=\"wp-page\" data-elementor-id=\"1368\" class=\"elementor elementor-1368\">\n\t\t\t\t\t\t<section class=\"elementor-section elementor-top-section elementor-element elementor-element-fe11abf elementor-section-boxed elementor-section-height-default elementor-section-height-default\" data-id=\"fe11abf\" data-element_type=\"section\" data-e-type=\"section\">\n\t\t\t\t\t\t<div class=\"elementor-container elementor-column-gap-default\">\n\t\t\t\t\t<div class=\"elementor-column elementor-col-100 elementor-top-column elementor-element elementor-element-8ea935a\" data-id=\"8ea935a\" data-element_type=\"column\" data-e-type=\"column\">\n\t\t\t<div class=\"elementor-widget-wrap elementor-element-populated\">\n\t\t\t\t\t\t<div class=\"elementor-element elementor-element-361fd66 elementor-widget elementor-widget-image\" data-id=\"361fd66\" data-element_type=\"widget\" data-e-type=\"widget\" data-widget_type=\"image.default\">\n\t\t\t\t\t\t\t\t\t\t\t\t\t\t\t<img fetchpriority=\"high\" decoding=\"async\" width=\"292\" height=\"484\" src=\"https:\/\/copps.uea.edu.br\/wp-content\/uploads\/2023\/09\/Escola-de-Libras.jpg\" class=\"attachment-large size-large wp-image-989\" alt=\"\" srcset=\"https:\/\/copps.uea.edu.br\/wp-content\/uploads\/2023\/09\/Escola-de-Libras.jpg 292w, https:\/\/copps.uea.edu.br\/wp-content\/uploads\/2023\/09\/Escola-de-Libras-181x300.jpg 181w\" sizes=\"(max-width: 292px) 100vw, 292px\" \/>\t\t\t\t\t\t\t\t\t\t\t\t\t\t\t<\/div>\n\t\t\t\t\t<\/div>\n\t\t<\/div>\n\t\t\t\t\t<\/div>\n\t\t<\/section>\n\t\t\t\t<section class=\"elementor-section elementor-top-section elementor-element elementor-element-206e11d elementor-section-boxed elementor-section-height-default elementor-section-height-default\" data-id=\"206e11d\" data-element_type=\"section\" data-e-type=\"section\">\n\t\t\t\t\t\t<div class=\"elementor-container elementor-column-gap-default\">\n\t\t\t\t\t<div class=\"elementor-column elementor-col-100 elementor-top-column elementor-element elementor-element-f729a98\" data-id=\"f729a98\" data-element_type=\"column\" data-e-type=\"column\">\n\t\t\t<div class=\"elementor-widget-wrap elementor-element-populated\">\n\t\t\t\t\t\t<div class=\"elementor-element elementor-element-f871551 elementor-align-center elementor-widget elementor-widget-button\" data-id=\"f871551\" data-element_type=\"widget\" data-e-type=\"widget\" data-widget_type=\"button.default\">\n\t\t\t\t\t\t\t\t\t\t<a class=\"elementor-button elementor-button-link elementor-size-sm\" href=\"https:\/\/drive.google.com\/file\/d\/1hCB-CM7FCKR0WxosxvI4m-DKP20hDQje\/view?usp=sharing\">\n\t\t\t\t\t\t<span class=\"elementor-button-content-wrapper\">\n\t\t\t\t\t\t\t\t\t<span class=\"elementor-button-text\">Inscri\u00e7\u00f5es homologadas do p\u00fablico externo para o curso de Libras<\/span>\n\t\t\t\t\t<\/span>\n\t\t\t\t\t<\/a>\n\t\t\t\t\t\t\t\t<\/div>\n\t\t\t\t\t<\/div>\n\t\t<\/div>\n\t\t\t\t\t<\/div>\n\t\t<\/section>\n\t\t\t\t<section class=\"elementor-section elementor-top-section elementor-element elementor-element-2db538b elementor-section-boxed elementor-section-height-default elementor-section-height-default\" data-id=\"2db538b\" data-element_type=\"section\" data-e-type=\"section\">\n\t\t\t\t\t\t<div class=\"elementor-container elementor-column-gap-default\">\n\t\t\t\t\t<div class=\"elementor-column elementor-col-100 elementor-top-column elementor-element elementor-element-2396757\" data-id=\"2396757\" data-element_type=\"column\" data-e-type=\"column\">\n\t\t\t<div class=\"elementor-widget-wrap elementor-element-populated\">\n\t\t\t\t\t\t<div class=\"elementor-element elementor-element-c8c8038 elementor-align-center elementor-widget elementor-widget-button\" data-id=\"c8c8038\" data-element_type=\"widget\" data-e-type=\"widget\" data-widget_type=\"button.default\">\n\t\t\t\t\t\t\t\t\t\t<a class=\"elementor-button elementor-button-link elementor-size-sm\" href=\"https:\/\/drive.google.com\/file\/d\/1u6qmxSHNkk6aZfaQQq5rfNVM4JQYwYLM\/view?usp=sharing\">\n\t\t\t\t\t\t<span class=\"elementor-button-content-wrapper\">\n\t\t\t\t\t\t\t\t\t<span class=\"elementor-button-text\">Inscri\u00e7\u00f5es homologadas dos servidores e acad\u00eamicos do CESP\/UEA  para o curso de Libras<\/span>\n\t\t\t\t\t<\/span>\n\t\t\t\t\t<\/a>\n\t\t\t\t\t\t\t\t<\/div>\n\t\t\t\t\t<\/div>\n\t\t<\/div>\n\t\t\t\t\t<\/div>\n\t\t<\/section>\n\t\t\t\t<section class=\"elementor-section elementor-top-section elementor-element elementor-element-45ebf93 elementor-section-boxed elementor-section-height-default elementor-section-height-default\" data-id=\"45ebf93\" data-element_type=\"section\" data-e-type=\"section\">\n\t\t\t\t\t\t<div class=\"elementor-container elementor-column-gap-default\">\n\t\t\t\t\t<div class=\"elementor-column elementor-col-100 elementor-top-column elementor-element elementor-element-68424cb\" data-id=\"68424cb\" data-element_type=\"column\" data-e-type=\"column\">\n\t\t\t<div class=\"elementor-widget-wrap elementor-element-populated\">\n\t\t\t\t\t\t<div class=\"elementor-element elementor-element-611aec3 elementor-widget elementor-widget-text-editor\" data-id=\"611aec3\" data-element_type=\"widget\" data-e-type=\"widget\" data-widget_type=\"text-editor.default\">\n\t\t\t\t\t\t\t\t\t<p style=\"text-align: center;\"><span style=\"color: #000000;\">Data in\u00edcio do Curso de Libras. <\/span><br \/><span style=\"color: #000000;\">05\/11\/24<\/span><br \/><span style=\"color: #000000;\">Hor\u00e1rio: 17:00<\/span><br \/><span style=\"color: #000000;\">Local: Audit\u00f3rio de Letras Bruno Pereira Barros. <\/span><br \/><span style=\"color: #000000;\">Centro de Estudos Superiores de Parintins-UEA\/CESP<\/span><\/p>\t\t\t\t\t\t\t\t<\/div>\n\t\t\t\t\t<\/div>\n\t\t<\/div>\n\t\t\t\t\t<\/div>\n\t\t<\/section>\n\t\t\t\t<section class=\"elementor-section elementor-top-section elementor-element elementor-element-1ccb7b5 elementor-section-boxed elementor-section-height-default elementor-section-height-default\" data-id=\"1ccb7b5\" data-element_type=\"section\" data-e-type=\"section\">\n\t\t\t\t\t\t<div class=\"elementor-container elementor-column-gap-default\">\n\t\t\t\t\t<div class=\"elementor-column elementor-col-100 elementor-top-column elementor-element elementor-element-0ab5e07\" data-id=\"0ab5e07\" data-element_type=\"column\" data-e-type=\"column\">\n\t\t\t<div class=\"elementor-widget-wrap elementor-element-populated\">\n\t\t\t\t\t\t<div class=\"elementor-element elementor-element-1af4fa1 elementor-align-center elementor-widget elementor-widget-button\" data-id=\"1af4fa1\" data-element_type=\"widget\" data-e-type=\"widget\" data-widget_type=\"button.default\">\n\t\t\t\t\t\t\t\t\t\t<a class=\"elementor-button elementor-button-link elementor-size-sm\" href=\"https:\/\/drive.google.com\/file\/d\/11l0JgSvvdwZPwJz6-xjbf8f59TJ3pIpR\/view?usp=sharing\">\n\t\t\t\t\t\t<span class=\"elementor-button-content-wrapper\">\n\t\t\t\t\t\t\t\t\t<span class=\"elementor-button-text\">Convoca\u00e7\u00e3o da Lista de Espera do p\u00fablico externo para o curso de Libras<\/span>\n\t\t\t\t\t<\/span>\n\t\t\t\t\t<\/a>\n\t\t\t\t\t\t\t\t<\/div>\n\t\t\t\t\t<\/div>\n\t\t<\/div>\n\t\t\t\t\t<\/div>\n\t\t<\/section>\n\t\t\t\t<section class=\"elementor-section elementor-top-section elementor-element elementor-element-716c7dd elementor-section-boxed elementor-section-height-default elementor-section-height-default\" data-id=\"716c7dd\" data-element_type=\"section\" data-e-type=\"section\">\n\t\t\t\t\t\t<div class=\"elementor-container elementor-column-gap-default\">\n\t\t\t\t\t<div class=\"elementor-column elementor-col-100 elementor-top-column elementor-element elementor-element-f81c021\" data-id=\"f81c021\" data-element_type=\"column\" data-e-type=\"column\">\n\t\t\t<div class=\"elementor-widget-wrap elementor-element-populated\">\n\t\t\t\t\t\t<div class=\"elementor-element elementor-element-8c85660 elementor-align-center elementor-widget elementor-widget-button\" data-id=\"8c85660\" data-element_type=\"widget\" data-e-type=\"widget\" data-widget_type=\"button.default\">\n\t\t\t\t\t\t\t\t\t\t<a class=\"elementor-button elementor-button-link elementor-size-sm\" href=\"https:\/\/drive.google.com\/file\/d\/1dNoi_o8aTmNzXCahfMGwwLwjVjJayxxM\/view?usp=sharing\">\n\t\t\t\t\t\t<span class=\"elementor-button-content-wrapper\">\n\t\t\t\t\t\t\t\t\t<span class=\"elementor-button-text\">Convoca\u00e7\u00e3o da Lista de Espera dos Servidores e Acad\u00eamicos do CESP\/UEA<\/span>\n\t\t\t\t\t<\/span>\n\t\t\t\t\t<\/a>\n\t\t\t\t\t\t\t\t<\/div>\n\t\t\t\t\t<\/div>\n\t\t<\/div>\n\t\t\t\t\t<\/div>\n\t\t<\/section>\n\t\t\t\t<section class=\"elementor-section elementor-top-section elementor-element elementor-element-b4e9b89 elementor-section-boxed elementor-section-height-default elementor-section-height-default\" data-id=\"b4e9b89\" data-element_type=\"section\" data-e-type=\"section\">\n\t\t\t\t\t\t<div class=\"elementor-container elementor-column-gap-default\">\n\t\t\t\t\t<div class=\"elementor-column elementor-col-100 elementor-top-column elementor-element elementor-element-1fcbe05\" data-id=\"1fcbe05\" data-element_type=\"column\" data-e-type=\"column\">\n\t\t\t<div class=\"elementor-widget-wrap elementor-element-populated\">\n\t\t\t\t\t\t<div class=\"elementor-element elementor-element-58d31be elementor-widget elementor-widget-text-editor\" data-id=\"58d31be\" data-element_type=\"widget\" data-e-type=\"widget\" data-widget_type=\"text-editor.default\">\n\t\t\t\t\t\t\t\t\t<p style=\"text-align: center;\"><span style=\"color: #000000;\">Data de in\u00edcio para os Convocados da Lista de Espera<br \/><\/span><span style=\"color: #000000;\">05\/12\/24<\/span><br \/><span style=\"color: #000000;\">Hor\u00e1rio: 17:00<\/span><br \/><span style=\"color: #000000;\">Local: Audit\u00f3rio de Letras Bruno Pereira Barros. <\/span><br \/><span style=\"color: #000000;\">Centro de Estudos Superiores de Parintins-UEA\/CESP<\/span><\/p>\t\t\t\t\t\t\t\t<\/div>\n\t\t\t\t\t<\/div>\n\t\t<\/div>\n\t\t\t\t\t<\/div>\n\t\t<\/section>\n\t\t\t\t<section class=\"elementor-section elementor-top-section elementor-element elementor-element-0ea5775 elementor-section-boxed elementor-section-height-default elementor-section-height-default\" data-id=\"0ea5775\" data-element_type=\"section\" data-e-type=\"section\">\n\t\t\t\t\t\t<div class=\"elementor-container elementor-column-gap-default\">\n\t\t\t\t\t<div class=\"elementor-column elementor-col-100 elementor-top-column elementor-element elementor-element-c39482e\" data-id=\"c39482e\" data-element_type=\"column\" data-e-type=\"column\">\n\t\t\t<div class=\"elementor-widget-wrap elementor-element-populated\">\n\t\t\t\t\t\t<div class=\"elementor-element elementor-element-0e2e237 elementor-widget elementor-widget-text-editor\" data-id=\"0e2e237\" data-element_type=\"widget\" data-e-type=\"widget\" data-widget_type=\"text-editor.default\">\n\t\t\t\t\t\t\t\t\t<p style=\"padding-left: 40px;\"><span style=\"color: #000000;\">O Projeto Escola de LIBRAS da UEA \u00e9 realizado em parceria com a Pr\u00f3-Reitoria de Extens\u00e3o e Assuntos Comunit\u00e1rios ( PROEX\/UEA). Iniciou na Escola Normal Superior com a oferta de cursos de Libras em n\u00edvel b\u00e1sico, intermedi\u00e1rio e avan\u00e7ado. Agora, o projeto se estende ao Centro de Estudos Superiores de Parintins (CESP) e, juntamente, com o N\u00facleo de Educa\u00e7\u00e3o Bil\u00edngue de Surdos (NEBS) em Parintins tem a satisfa\u00e7\u00e3o de anunciar nosso primeiro curso de capacita\u00e7\u00e3o em L\u00edngua Brasileira de Sinais em n\u00edvel b\u00e1sico para iniciantes. O objetivo \u00e9 promover a acessibilidade lingu\u00edstica nas depend\u00eancias do CESP.\u00a0\u00a0<\/span><\/p><p><span style=\"color: #000000;\">O projeto \u00e9 coordenado pelos professores de Libras Prof\u00ba Dr\u00ba Marcos Roberto dos Santos, Prof\u00b0 Me. Jackson da Silva Vale, Prof\u00b0 Me. Sebasti\u00e3o Reis de Oliveira e Prof\u00b0 Me. Marlon Jorge Silva de Azevedo.\u00a0<\/span><\/p><p><span style=\"color: #000000;\">No CESP, o curso ser\u00e1 ministrado pelo Prof\u00b0 Me. Marlon Jorge Silva de Azevedo.<\/span><\/p><p><span style=\"color: #000000;\">Abaixo segue algumas d\u00favidas e esclarecimentos sobre o curso:<\/span><\/p><p><span style=\"color: #000000;\"><strong>1) Quem pode participar do curso?<\/strong>\u00a0 \u00a0<\/span><\/p><p><span style=\"color: #000000;\">O curso \u00e9 destinado para todas as pessoas interessadas em aprender Libras. Ser\u00e3o disponibilizadas 15 vagas para o p\u00fablico em geral e 15 vagas para servidores da Universidade do Estado do Amazonas (docentes, t\u00e9cnicos e terceirizados).<\/span><\/p><p><strong><span style=\"color: #000000;\">2) Qual \u00e9 a dura\u00e7\u00e3o do curso?<\/span><\/strong><\/p><p><span style=\"color: #000000;\">A Escola de Libras da UEA oferece um curso totalmente presencial, com a dura\u00e7\u00e3o de 1 ano e 6 meses. Dessa forma, os alunos inscritos e matriculados far\u00e3o os m\u00f3dulos b\u00e1sico, intermedi\u00e1rio e avan\u00e7ado de forma subsequente.<\/span><\/p><p><strong><span style=\"color: #000000;\">3) Qual \u00e9 a carga hor\u00e1ria?<\/span><\/strong><\/p><p><span style=\"color: #000000;\">Cada m\u00f3dulo possui carga hor\u00e1ria de 50h, o curso completo totaliza 150h.<\/span><\/p><p><strong><span style=\"color: #000000;\">4) Quais os dias e hor\u00e1rios das aulas?<\/span><\/strong><\/p><p><span style=\"color: #000000;\">As aulas ser\u00e3o dois dias na semana \u00e0s ter\u00e7as-feiras e quintas-feiras, das 17:30h \u00e0s 19:30h.\u00a0<\/span><\/p><p><strong><span style=\"color: #000000;\">5) Onde ocorrer\u00e3o as aulas?<\/span><\/strong><\/p><p><span style=\"color: #000000;\">As aulas acontecer\u00e3o nas depend\u00eancias do CENTRO DE ESTUDOS SUPERIORES DE PARINTINS (CESP\/UEA), localizada na Av. Odovaldo Novo, bairro Djard Vieira.\u00a0<\/span><\/p><p><strong><span style=\"color: #000000;\">6) Quando iniciam as aulas?<\/span><\/strong><\/p><p><span style=\"color: #000000;\">O curso seguir\u00e1 o calend\u00e1rio letivo da Universidade do Estado do Amazonas. Logo, as aulas do m\u00f3dulo b\u00e1sico ter\u00e3o in\u00edcio no dia 05\/11\/2024 e encerrar\u00e3o no dia 21\/12\/2024.<\/span><\/p><p><strong><span style=\"color: #000000;\">7) Como posso me inscrever?<\/span><\/strong><\/p><p><span style=\"color: #000000;\">As inscri\u00e7\u00f5es ser\u00e3o feitas EXCLUSIVAMENTE por meio de preenchimento de formul\u00e1rio eletr\u00f4nico, disponibilizado abaixo.<\/span><\/p><p><strong><span style=\"color: #000000;\">8) Qual \u00e9 o per\u00edodo de inscri\u00e7\u00e3o?<\/span><\/strong><\/p><p><span style=\"color: #000000;\">A inscri\u00e7\u00e3o ser\u00e1 realizada no per\u00edodo de 24\/10\/2024 a 29\/10\/2024, com in\u00edcio \u00e0s 8h. Vale lembrar que as inscri\u00e7\u00f5es ser\u00e3o suspensas assim que preencher a quantidade de vaga disponibilizada.<\/span><\/p><p><span style=\"color: #000000;\">Outras d\u00favidas: escoladelibrasuea@gmail.com<\/span><\/p><p style=\"text-align: center;\"><strong><span style=\"color: #ff0000;\">FA\u00c7A SUA INSCRI\u00c7\u00c3O AQUI:<\/span><\/strong><\/p><p>\u00a0<\/p>\t\t\t\t\t\t\t\t<\/div>\n\t\t\t\t\t<\/div>\n\t\t<\/div>\n\t\t\t\t\t<\/div>\n\t\t<\/section>\n\t\t\t\t<section class=\"elementor-section elementor-top-section elementor-element elementor-element-f0086ea elementor-section-boxed elementor-section-height-default elementor-section-height-default\" data-id=\"f0086ea\" data-element_type=\"section\" data-e-type=\"section\">\n\t\t\t\t\t\t<div class=\"elementor-container elementor-column-gap-default\">\n\t\t\t\t\t<div class=\"elementor-column elementor-col-100 elementor-top-column elementor-element elementor-element-76b2bd6\" data-id=\"76b2bd6\" data-element_type=\"column\" data-e-type=\"column\">\n\t\t\t<div class=\"elementor-widget-wrap elementor-element-populated\">\n\t\t\t\t\t\t<div class=\"elementor-element elementor-element-af856a8 elementor-widget elementor-widget-text-editor\" data-id=\"af856a8\" data-element_type=\"widget\" data-e-type=\"widget\" data-widget_type=\"text-editor.default\">\n\t\t\t\t\t\t\t\t\t<p style=\"text-align: center;\"><strong><span style=\"color: #000000;\">Inscri\u00e7\u00e3o para o p\u00fablico em geral (15 vagas + lista de espera)<\/span><\/strong><\/p>\t\t\t\t\t\t\t\t<\/div>\n\t\t\t\t\t<\/div>\n\t\t<\/div>\n\t\t\t\t\t<\/div>\n\t\t<\/section>\n\t\t\t\t<section class=\"elementor-section elementor-top-section elementor-element elementor-element-09a2a89 elementor-section-boxed elementor-section-height-default elementor-section-height-default\" data-id=\"09a2a89\" data-element_type=\"section\" data-e-type=\"section\">\n\t\t\t\t\t\t<div class=\"elementor-container elementor-column-gap-default\">\n\t\t\t\t\t<div class=\"elementor-column elementor-col-100 elementor-top-column elementor-element elementor-element-0bd4d1d\" data-id=\"0bd4d1d\" data-element_type=\"column\" data-e-type=\"column\">\n\t\t\t<div class=\"elementor-widget-wrap elementor-element-populated\">\n\t\t\t\t\t\t<div class=\"elementor-element elementor-element-a92e456 elementor-align-center elementor-widget elementor-widget-button\" data-id=\"a92e456\" data-element_type=\"widget\" data-e-type=\"widget\" data-widget_type=\"button.default\">\n\t\t\t\t\t\t\t\t\t\t<a class=\"elementor-button elementor-button-link elementor-size-sm\" href=\"https:\/\/forms.gle\/MkQWPGycgQcZk5dVA\">\n\t\t\t\t\t\t<span class=\"elementor-button-content-wrapper\">\n\t\t\t\t\t\t\t\t\t<span class=\"elementor-button-text\">Clique aqui<\/span>\n\t\t\t\t\t<\/span>\n\t\t\t\t\t<\/a>\n\t\t\t\t\t\t\t\t<\/div>\n\t\t\t\t\t<\/div>\n\t\t<\/div>\n\t\t\t\t\t<\/div>\n\t\t<\/section>\n\t\t\t\t<section class=\"elementor-section elementor-top-section elementor-element elementor-element-3fdeb27 elementor-section-boxed elementor-section-height-default elementor-section-height-default\" data-id=\"3fdeb27\" data-element_type=\"section\" data-e-type=\"section\">\n\t\t\t\t\t\t<div class=\"elementor-container elementor-column-gap-default\">\n\t\t\t\t\t<div class=\"elementor-column elementor-col-100 elementor-top-column elementor-element elementor-element-a114f81\" data-id=\"a114f81\" data-element_type=\"column\" data-e-type=\"column\">\n\t\t\t<div class=\"elementor-widget-wrap elementor-element-populated\">\n\t\t\t\t\t\t<div class=\"elementor-element elementor-element-6f3af11 elementor-widget elementor-widget-text-editor\" data-id=\"6f3af11\" data-element_type=\"widget\" data-e-type=\"widget\" data-widget_type=\"text-editor.default\">\n\t\t\t\t\t\t\t\t\t<p style=\"text-align: center;\"><strong><span style=\"color: #000000;\">Inscri\u00e7\u00e3o para servidores e acad\u00eamicos do CESP\/UEA (15 vagas + lista de espera)<\/span><\/strong><\/p>\t\t\t\t\t\t\t\t<\/div>\n\t\t\t\t\t<\/div>\n\t\t<\/div>\n\t\t\t\t\t<\/div>\n\t\t<\/section>\n\t\t\t\t<section class=\"elementor-section elementor-top-section elementor-element elementor-element-54957ca elementor-section-boxed elementor-section-height-default elementor-section-height-default\" data-id=\"54957ca\" data-element_type=\"section\" data-e-type=\"section\">\n\t\t\t\t\t\t<div class=\"elementor-container elementor-column-gap-default\">\n\t\t\t\t\t<div class=\"elementor-column elementor-col-100 elementor-top-column elementor-element elementor-element-04b247d\" data-id=\"04b247d\" data-element_type=\"column\" data-e-type=\"column\">\n\t\t\t<div class=\"elementor-widget-wrap elementor-element-populated\">\n\t\t\t\t\t\t<div class=\"elementor-element elementor-element-6a9aa93 elementor-align-center elementor-widget elementor-widget-button\" data-id=\"6a9aa93\" data-element_type=\"widget\" data-e-type=\"widget\" data-widget_type=\"button.default\">\n\t\t\t\t\t\t\t\t\t\t<a class=\"elementor-button elementor-button-link elementor-size-sm\" href=\"https:\/\/forms.gle\/QkYoXLQLdV1f9YG67\">\n\t\t\t\t\t\t<span class=\"elementor-button-content-wrapper\">\n\t\t\t\t\t\t\t\t\t<span class=\"elementor-button-text\">Clique aqui<\/span>\n\t\t\t\t\t<\/span>\n\t\t\t\t\t<\/a>\n\t\t\t\t\t\t\t\t<\/div>\n\t\t\t\t\t<\/div>\n\t\t<\/div>\n\t\t\t\t\t<\/div>\n\t\t<\/section>\n\t\t\t\t<section class=\"elementor-section elementor-top-section elementor-element elementor-element-16e261d elementor-section-boxed elementor-section-height-default elementor-section-height-default\" data-id=\"16e261d\" data-element_type=\"section\" data-e-type=\"section\">\n\t\t\t\t\t\t<div class=\"elementor-container elementor-column-gap-default\">\n\t\t\t\t\t<div class=\"elementor-column elementor-col-100 elementor-top-column elementor-element elementor-element-0451709\" data-id=\"0451709\" data-element_type=\"column\" data-e-type=\"column\">\n\t\t\t<div class=\"elementor-widget-wrap elementor-element-populated\">\n\t\t\t\t\t\t<div class=\"elementor-element elementor-element-baca3dc elementor-widget elementor-widget-text-editor\" data-id=\"baca3dc\" data-element_type=\"widget\" data-e-type=\"widget\" data-widget_type=\"text-editor.default\">\n\t\t\t\t\t\t\t\t\t<p style=\"mso-margin-top-alt:auto;mso-margin-bottom-alt:auto;\nline-height:normal\"><br><\/p><p style=\"mso-margin-top-alt:auto;mso-margin-bottom-alt:auto;\nline-height:normal\"><b><span style=\"font-size:12.0pt;font-family:&quot;Times New Roman&quot;,serif;\nmso-fareast-font-family:&quot;Times New Roman&quot;;color:black;mso-fareast-language:\nPT-BR\">Localiza\u00e7\u00e3o <\/span><\/b><b><span style=\"font-size:10.0pt;font-family:\n&quot;Times New Roman&quot;,serif;mso-fareast-font-family:&quot;Times New Roman&quot;;color:black;\nmso-fareast-language:PT-BR\">CENTRO DE ESTUDOS SUPERIORES DE PARINTINS (CESP\/UEA)<\/span><\/b><span style=\"font-size:10.0pt;font-family:&quot;Times New Roman&quot;,serif;mso-fareast-font-family:\n&quot;Times New Roman&quot;;mso-fareast-language:PT-BR\"><o:p><\/o:p><\/span><\/p>\t\t\t\t\t\t\t\t<\/div>\n\t\t\t\t\t<\/div>\n\t\t<\/div>\n\t\t\t\t\t<\/div>\n\t\t<\/section>\n\t\t\t\t<\/div>\n\t\t","protected":false},"excerpt":{"rendered":"<p>Inscri\u00e7\u00f5es homologadas do p\u00fablico externo para o curso de Libras Inscri\u00e7\u00f5es homologadas dos servidores e acad\u00eamicos do CESP\/UEA para o curso de Libras Data in\u00edcio do Curso de Libras. 05\/11\/24Hor\u00e1rio: 17:00Local: Audit\u00f3rio de Letras Bruno Pereira Barros. Centro de Estudos Superiores de Parintins-UEA\/CESP Convoca\u00e7\u00e3o da Lista de Espera do p\u00fablico externo para o curso de [&hellip;]<\/p>\n","protected":false},"author":1,"featured_media":0,"parent":0,"menu_order":0,"comment_status":"closed","ping_status":"closed","template":"","meta":{"site-sidebar-layout":"no-sidebar","site-content-layout":"page-builder","ast-site-content-layout":"full-width-container","site-content-style":"default","site-sidebar-style":"default","ast-global-header-display":"","ast-banner-title-visibility":"","ast-main-header-display":"","ast-hfb-above-header-display":"","ast-hfb-below-header-display":"","ast-hfb-mobile-header-display":"","site-post-title":"disabled","ast-breadcrumbs-content":"","ast-featured-img":"disabled","footer-sml-layout":"","theme-transparent-header-meta":"","adv-header-id-meta":"","stick-header-meta":"","header-above-stick-meta":"","header-main-stick-meta":"","header-below-stick-meta":"","astra-migrate-meta-layouts":"set","ast-page-background-enabled":"default","ast-page-background-meta":{"desktop":{"background-color":"var(--ast-global-color-4)","background-image":"","background-repeat":"repeat","background-position":"center center","background-size":"auto","background-attachment":"scroll","background-type":"","background-media":"","overlay-type":"","overlay-color":"","overlay-opacity":"","overlay-gradient":""},"tablet":{"background-color":"","background-image":"","background-repeat":"repeat","background-position":"center center","background-size":"auto","background-attachment":"scroll","background-type":"","background-media":"","overlay-type":"","overlay-color":"","overlay-opacity":"","overlay-gradient":""},"mobile":{"background-color":"","background-image":"","background-repeat":"repeat","background-position":"center center","background-size":"auto","background-attachment":"scroll","background-type":"","background-media":"","overlay-type":"","overlay-color":"","overlay-opacity":"","overlay-gradient":""}},"ast-content-background-meta":{"desktop":{"background-color":"var(--ast-global-color-5)","background-image":"","background-repeat":"repeat","background-position":"center center","background-size":"auto","background-attachment":"scroll","background-type":"","background-media":"","overlay-type":"","overlay-color":"","overlay-opacity":"","overlay-gradient":""},"tablet":{"background-color":"var(--ast-global-color-5)","background-image":"","background-repeat":"repeat","background-position":"center center","background-size":"auto","background-attachment":"scroll","background-type":"","background-media":"","overlay-type":"","overlay-color":"","overlay-opacity":"","overlay-gradient":""},"mobile":{"background-color":"var(--ast-global-color-5)","background-image":"","background-repeat":"repeat","background-position":"center center","background-size":"auto","background-attachment":"scroll","background-type":"","background-media":"","overlay-type":"","overlay-color":"","overlay-opacity":"","overlay-gradient":""}},"footnotes":""},"class_list":["post-1368","page","type-page","status-publish","hentry"],"_links":{"self":[{"href":"https:\/\/copps.uea.edu.br\/index.php?rest_route=\/wp\/v2\/pages\/1368","targetHints":{"allow":["GET"]}}],"collection":[{"href":"https:\/\/copps.uea.edu.br\/index.php?rest_route=\/wp\/v2\/pages"}],"about":[{"href":"https:\/\/copps.uea.edu.br\/index.php?rest_route=\/wp\/v2\/types\/page"}],"author":[{"embeddable":true,"href":"https:\/\/copps.uea.edu.br\/index.php?rest_route=\/wp\/v2\/users\/1"}],"replies":[{"embeddable":true,"href":"https:\/\/copps.uea.edu.br\/index.php?rest_route=%2Fwp%2Fv2%2Fcomments&post=1368"}],"version-history":[{"count":0,"href":"https:\/\/copps.uea.edu.br\/index.php?rest_route=\/wp\/v2\/pages\/1368\/revisions"}],"wp:attachment":[{"href":"https:\/\/copps.uea.edu.br\/index.php?rest_route=%2Fwp%2Fv2%2Fmedia&parent=1368"}],"curies":[{"name":"wp","href":"https:\/\/api.w.org\/{rel}","templated":true}]}}